{"id":3232,"date":"2024-07-24T16:04:12","date_gmt":"2024-07-24T16:04:12","guid":{"rendered":"https:\/\/interairportscorp.com\/?post_type=product&#038;p=3232"},"modified":"2024-07-24T16:04:13","modified_gmt":"2024-07-24T16:04:13","slug":"airbus-a350f","status":"publish","type":"product","link":"https:\/\/interairportscorp.com\/en\/product\/airbus-a350f\/","title":{"rendered":"Airbus A350F"},"content":{"rendered":"","protected":false},"excerpt":{"rendered":"<p>El Airbus A350F es una variante de carga basada en el exitoso avi\u00f3n de pasajeros Airbus A350 XWB (Extra Wide Body). Dise\u00f1ado para satisfacer las necesidades del mercado de carga a\u00e9rea, el A350F combina eficiencia, capacidad de carga y tecnolog\u00eda avanzada para ofrecer un rendimiento \u00f3ptimo en el transporte de carga.<\/p>\n<p><strong>Especificaciones t\u00e9cnicas:<\/strong><br \/>\n\u2022 Motor: Rolls-Royce Trent XWB<br \/>\n\u2022 Potencia: Hasta 97,000 libras de empuje por motor<br \/>\n\u2022 Velocidad crucero: Mach 0.85<br \/>\n\u2022 Rango m\u00e1ximo: Aproximadamente 9,300 millas n\u00e1uticas (17,200 kil\u00f3metros)<br \/>\n\u2022 Capacidad de carga: Varios tonelajes, dependiendo de la configuraci\u00f3n de carga (a\u00fan no detallada oficialmente)<br \/>\n\u2022 Peso m\u00e1ximo de despegue: Alrededor de 308,000 &#8211; 319,000 kilogramos (var\u00eda seg\u00fan la configuraci\u00f3n de carga)<br \/>\n\u2022 Longitud: 63.7 metros<br \/>\n\u2022 Envergadura: 64.8 metros<br \/>\n\u2022 Altura: 17.1 metros<\/p>","protected":false},"featured_media":3228,"comment_status":"open","ping_status":"closed","template":"","meta":{"nf_dc_page":"","_eb_attr":""},"product_brand":[],"product_cat":[54],"product_tag":[],"class_list":{"0":"post-3232","1":"product","2":"type-product","3":"status-publish","4":"has-post-thumbnail","6":"product_cat-carga-aviones","8":"first","9":"instock","10":"shipping-taxable","11":"product-type-simple"},"jetpack_sharing_enabled":true,"_links":{"self":[{"href":"https:\/\/interairportscorp.com\/en\/wp-json\/wp\/v2\/product\/3232","targetHints":{"allow":["GET"]}}],"collection":[{"href":"https:\/\/interairportscorp.com\/en\/wp-json\/wp\/v2\/product"}],"about":[{"href":"https:\/\/interairportscorp.com\/en\/wp-json\/wp\/v2\/types\/product"}],"replies":[{"embeddable":true,"href":"https:\/\/interairportscorp.com\/en\/wp-json\/wp\/v2\/comments?post=3232"}],"wp:featuredmedia":[{"embeddable":true,"href":"https:\/\/interairportscorp.com\/en\/wp-json\/wp\/v2\/media\/3228"}],"wp:attachment":[{"href":"https:\/\/interairportscorp.com\/en\/wp-json\/wp\/v2\/media?parent=3232"}],"wp:term":[{"taxonomy":"product_brand","embeddable":true,"href":"https:\/\/interairportscorp.com\/en\/wp-json\/wp\/v2\/product_brand?post=3232"},{"taxonomy":"product_cat","embeddable":true,"href":"https:\/\/interairportscorp.com\/en\/wp-json\/wp\/v2\/product_cat?post=3232"},{"taxonomy":"product_tag","embeddable":true,"href":"https:\/\/interairportscorp.com\/en\/wp-json\/wp\/v2\/product_tag?post=3232"}],"curies":[{"name":"wp","href":"https:\/\/api.w.org\/{rel}","templated":true}]}}