{"id":3215,"date":"2024-07-23T22:40:34","date_gmt":"2024-07-23T22:40:34","guid":{"rendered":"https:\/\/interairportscorp.com\/?post_type=product&#038;p=3215"},"modified":"2024-07-23T22:40:35","modified_gmt":"2024-07-23T22:40:35","slug":"embraer-e195-e2","status":"publish","type":"product","link":"https:\/\/interairportscorp.com\/en\/product\/embraer-e195-e2\/","title":{"rendered":"Embraer E195-E2"},"content":{"rendered":"","protected":false},"excerpt":{"rendered":"<p>El Embraer E195-E2 es la versi\u00f3n m\u00e1s grande de la familia E-Jets E2, dise\u00f1ada para rutas de medio alcance con una capacidad superior de pasajeros. Puede transportar hasta 146 pasajeros en una configuraci\u00f3n t\u00edpica de dos clases, ofreciendo eficiencia y confort mejorados.<\/p>\n<p><strong>Especificaciones t\u00e9cnicas:<\/strong><br \/>\n\u2022 Motor: Pratt &amp; Whitney PW1900G<br \/>\n\u2022 Potencia: Var\u00eda seg\u00fan la versi\u00f3n del motor<br \/>\n\u2022 Velocidad crucero: 453 knots (839 km\/h)<br \/>\n\u2022 Rango m\u00e1ximo: 2,600 nm (4,815 km)<br \/>\n\u2022 Capacidad de combustible: 19,235 lbs (8,725 kg)<br \/>\n\u2022 Capacidad de pasajeros: Hasta 146<br \/>\n\u2022 Peso m\u00e1ximo de despegue: 132,300-146,800 lbs (60,000-66,700 kg)<\/p>","protected":false},"featured_media":3211,"comment_status":"open","ping_status":"closed","template":"","meta":{"nf_dc_page":"","_eb_attr":""},"product_brand":[],"product_cat":[55],"product_tag":[],"class_list":{"0":"post-3215","1":"product","2":"type-product","3":"status-publish","4":"has-post-thumbnail","6":"product_cat-comercial-pasajeros","8":"first","9":"instock","10":"shipping-taxable","11":"product-type-simple"},"jetpack_sharing_enabled":true,"_links":{"self":[{"href":"https:\/\/interairportscorp.com\/en\/wp-json\/wp\/v2\/product\/3215","targetHints":{"allow":["GET"]}}],"collection":[{"href":"https:\/\/interairportscorp.com\/en\/wp-json\/wp\/v2\/product"}],"about":[{"href":"https:\/\/interairportscorp.com\/en\/wp-json\/wp\/v2\/types\/product"}],"replies":[{"embeddable":true,"href":"https:\/\/interairportscorp.com\/en\/wp-json\/wp\/v2\/comments?post=3215"}],"wp:featuredmedia":[{"embeddable":true,"href":"https:\/\/interairportscorp.com\/en\/wp-json\/wp\/v2\/media\/3211"}],"wp:attachment":[{"href":"https:\/\/interairportscorp.com\/en\/wp-json\/wp\/v2\/media?parent=3215"}],"wp:term":[{"taxonomy":"product_brand","embeddable":true,"href":"https:\/\/interairportscorp.com\/en\/wp-json\/wp\/v2\/product_brand?post=3215"},{"taxonomy":"product_cat","embeddable":true,"href":"https:\/\/interairportscorp.com\/en\/wp-json\/wp\/v2\/product_cat?post=3215"},{"taxonomy":"product_tag","embeddable":true,"href":"https:\/\/interairportscorp.com\/en\/wp-json\/wp\/v2\/product_tag?post=3215"}],"curies":[{"name":"wp","href":"https:\/\/api.w.org\/{rel}","templated":true}]}}