{"id":3205,"date":"2024-07-23T22:32:05","date_gmt":"2024-07-23T22:32:05","guid":{"rendered":"https:\/\/interairportscorp.com\/?post_type=product&#038;p=3205"},"modified":"2024-07-23T22:32:05","modified_gmt":"2024-07-23T22:32:05","slug":"airbus-a380","status":"publish","type":"product","link":"https:\/\/interairportscorp.com\/en\/product\/airbus-a380\/","title":{"rendered":"Airbus A380"},"content":{"rendered":"","protected":false},"excerpt":{"rendered":"<p>El Airbus A380 es el avi\u00f3n de pasajeros m\u00e1s grande del mundo, conocido por su capacidad extraordinaria y comodidad. Dise\u00f1ado para aerol\u00edneas que operan en rutas de alta densidad y larga distancia, el A380 ofrece una experiencia \u00fanica con su amplio espacio interior y diversas configuraciones de cabina.<\/p>\n<p><strong>Especificaciones t\u00e9cnicas:<\/strong><br \/>\n\u2022 Motor: Engine Alliance GP7200 o Rolls-Royce Trent 900<br \/>\n\u2022 Potencia: Var\u00eda seg\u00fan la versi\u00f3n del motor<br \/>\n\u2022 Velocidad crucero: 560 knots (1,037 km\/h)<br \/>\n\u2022 Rango m\u00e1ximo: 8,500 nm (15,700 km)<br \/>\n\u2022 Capacidad de combustible: 81,890 gal (310,000 L)<br \/>\n\u2022 Capacidad de pasajeros: 555-850<br \/>\n\u2022 Peso m\u00e1ximo de despegue: 1,268,000-1,270,000 lbs (575,000-576,000 kg)<\/p>","protected":false},"featured_media":3206,"comment_status":"open","ping_status":"closed","template":"","meta":{"nf_dc_page":"","_eb_attr":""},"product_brand":[],"product_cat":[55],"product_tag":[],"class_list":{"0":"post-3205","1":"product","2":"type-product","3":"status-publish","4":"has-post-thumbnail","6":"product_cat-comercial-pasajeros","8":"first","9":"instock","10":"shipping-taxable","11":"product-type-simple"},"jetpack_sharing_enabled":true,"_links":{"self":[{"href":"https:\/\/interairportscorp.com\/en\/wp-json\/wp\/v2\/product\/3205","targetHints":{"allow":["GET"]}}],"collection":[{"href":"https:\/\/interairportscorp.com\/en\/wp-json\/wp\/v2\/product"}],"about":[{"href":"https:\/\/interairportscorp.com\/en\/wp-json\/wp\/v2\/types\/product"}],"replies":[{"embeddable":true,"href":"https:\/\/interairportscorp.com\/en\/wp-json\/wp\/v2\/comments?post=3205"}],"wp:featuredmedia":[{"embeddable":true,"href":"https:\/\/interairportscorp.com\/en\/wp-json\/wp\/v2\/media\/3206"}],"wp:attachment":[{"href":"https:\/\/interairportscorp.com\/en\/wp-json\/wp\/v2\/media?parent=3205"}],"wp:term":[{"taxonomy":"product_brand","embeddable":true,"href":"https:\/\/interairportscorp.com\/en\/wp-json\/wp\/v2\/product_brand?post=3205"},{"taxonomy":"product_cat","embeddable":true,"href":"https:\/\/interairportscorp.com\/en\/wp-json\/wp\/v2\/product_cat?post=3205"},{"taxonomy":"product_tag","embeddable":true,"href":"https:\/\/interairportscorp.com\/en\/wp-json\/wp\/v2\/product_tag?post=3205"}],"curies":[{"name":"wp","href":"https:\/\/api.w.org\/{rel}","templated":true}]}}