{"id":3202,"date":"2024-07-23T22:23:43","date_gmt":"2024-07-23T22:23:43","guid":{"rendered":"https:\/\/interairportscorp.com\/?post_type=product&#038;p=3202"},"modified":"2024-07-23T22:24:26","modified_gmt":"2024-07-23T22:24:26","slug":"airbus-a320ceo","status":"publish","type":"product","link":"https:\/\/interairportscorp.com\/en\/product\/airbus-a320ceo\/","title":{"rendered":"Airbus A320ceo"},"content":{"rendered":"","protected":false},"excerpt":{"rendered":"<p>El Airbus A320ceo es la versi\u00f3n original del A320, conocido por su eficiencia y capacidad para operaciones de corto y medio alcance con motores CFM International o International Aero Engines.<\/p>\n<p><strong>Especificaciones t\u00e9cnicas:<br \/>\n<\/strong><br \/>\n\u2022 Motores: Hasta 2 motores CFM International CFM56 o International Aero Engines V2500<br \/>\n\u2022 Velocidad crucero: Mach 0.78 &#8211; 0.82<br \/>\n\u2022 Rango m\u00e1ximo: Aproximadamente 3,300 millas n\u00e1uticas (6,100 kil\u00f3metros)<br \/>\n\u2022 Capacidad de pasajeros (configuraci\u00f3n t\u00edpica): Hasta 180 pasajeros<br \/>\n\u2022 Longitud: 37.57 metros<br \/>\n\u2022 Envergadura: 35.80 metros<br \/>\n\u2022 Altura: 11.76 metros<\/p>","protected":false},"featured_media":3203,"comment_status":"open","ping_status":"closed","template":"","meta":{"nf_dc_page":"","_eb_attr":""},"product_brand":[],"product_cat":[55],"product_tag":[],"class_list":{"0":"post-3202","1":"product","2":"type-product","3":"status-publish","4":"has-post-thumbnail","6":"product_cat-comercial-pasajeros","8":"first","9":"instock","10":"shipping-taxable","11":"product-type-simple"},"jetpack_sharing_enabled":true,"_links":{"self":[{"href":"https:\/\/interairportscorp.com\/en\/wp-json\/wp\/v2\/product\/3202","targetHints":{"allow":["GET"]}}],"collection":[{"href":"https:\/\/interairportscorp.com\/en\/wp-json\/wp\/v2\/product"}],"about":[{"href":"https:\/\/interairportscorp.com\/en\/wp-json\/wp\/v2\/types\/product"}],"replies":[{"embeddable":true,"href":"https:\/\/interairportscorp.com\/en\/wp-json\/wp\/v2\/comments?post=3202"}],"wp:featuredmedia":[{"embeddable":true,"href":"https:\/\/interairportscorp.com\/en\/wp-json\/wp\/v2\/media\/3203"}],"wp:attachment":[{"href":"https:\/\/interairportscorp.com\/en\/wp-json\/wp\/v2\/media?parent=3202"}],"wp:term":[{"taxonomy":"product_brand","embeddable":true,"href":"https:\/\/interairportscorp.com\/en\/wp-json\/wp\/v2\/product_brand?post=3202"},{"taxonomy":"product_cat","embeddable":true,"href":"https:\/\/interairportscorp.com\/en\/wp-json\/wp\/v2\/product_cat?post=3202"},{"taxonomy":"product_tag","embeddable":true,"href":"https:\/\/interairportscorp.com\/en\/wp-json\/wp\/v2\/product_tag?post=3202"}],"curies":[{"name":"wp","href":"https:\/\/api.w.org\/{rel}","templated":true}]}}