{"id":3184,"date":"2024-07-16T18:44:34","date_gmt":"2024-07-16T18:44:34","guid":{"rendered":"https:\/\/interairportscorp.com\/?post_type=product&#038;p=3184"},"modified":"2024-07-16T18:44:35","modified_gmt":"2024-07-16T18:44:35","slug":"airbus-a350","status":"publish","type":"product","link":"https:\/\/interairportscorp.com\/en\/product\/airbus-a350\/","title":{"rendered":"Airbus A350"},"content":{"rendered":"","protected":false},"excerpt":{"rendered":"<p>El Airbus A350 es una familia de aviones de pasajeros de fuselaje ancho desarrollada por Airbus para competir en el mercado de aviones de largo alcance y alta eficiencia. Introducido como un avi\u00f3n avanzado y tecnol\u00f3gicamente sofisticado, el A350 est\u00e1 dise\u00f1ado para ofrecer menor consumo de combustible, menor impacto ambiental y mayor confort para los pasajeros.<\/p>\n<p><strong>Variantes de modelos:<\/strong><br \/>\n\u2022 Airbus A350-900<br \/>\n\u2022 Airbus A350-1000<\/p>","protected":false},"featured_media":3185,"comment_status":"open","ping_status":"closed","template":"","meta":{"nf_dc_page":"","_eb_attr":""},"product_brand":[],"product_cat":[55],"product_tag":[],"class_list":{"0":"post-3184","1":"product","2":"type-product","3":"status-publish","4":"has-post-thumbnail","6":"product_cat-comercial-pasajeros","8":"first","9":"instock","10":"shipping-taxable","11":"product-type-simple"},"jetpack_sharing_enabled":true,"_links":{"self":[{"href":"https:\/\/interairportscorp.com\/en\/wp-json\/wp\/v2\/product\/3184","targetHints":{"allow":["GET"]}}],"collection":[{"href":"https:\/\/interairportscorp.com\/en\/wp-json\/wp\/v2\/product"}],"about":[{"href":"https:\/\/interairportscorp.com\/en\/wp-json\/wp\/v2\/types\/product"}],"replies":[{"embeddable":true,"href":"https:\/\/interairportscorp.com\/en\/wp-json\/wp\/v2\/comments?post=3184"}],"wp:featuredmedia":[{"embeddable":true,"href":"https:\/\/interairportscorp.com\/en\/wp-json\/wp\/v2\/media\/3185"}],"wp:attachment":[{"href":"https:\/\/interairportscorp.com\/en\/wp-json\/wp\/v2\/media?parent=3184"}],"wp:term":[{"taxonomy":"product_brand","embeddable":true,"href":"https:\/\/interairportscorp.com\/en\/wp-json\/wp\/v2\/product_brand?post=3184"},{"taxonomy":"product_cat","embeddable":true,"href":"https:\/\/interairportscorp.com\/en\/wp-json\/wp\/v2\/product_cat?post=3184"},{"taxonomy":"product_tag","embeddable":true,"href":"https:\/\/interairportscorp.com\/en\/wp-json\/wp\/v2\/product_tag?post=3184"}],"curies":[{"name":"wp","href":"https:\/\/api.w.org\/{rel}","templated":true}]}}