{"id":3115,"date":"2024-07-06T00:34:44","date_gmt":"2024-07-06T00:34:44","guid":{"rendered":"https:\/\/interairportscorp.com\/?post_type=product&#038;p=3115"},"modified":"2024-07-06T00:38:48","modified_gmt":"2024-07-06T00:38:48","slug":"boeing-777x-2","status":"publish","type":"product","link":"https:\/\/interairportscorp.com\/en\/product\/boeing-777x-2\/","title":{"rendered":"Boeing 777X"},"content":{"rendered":"","protected":false},"excerpt":{"rendered":"<p>El Boeing 777X es la \u00faltima generaci\u00f3n de la familia 777 desarrollada por Boeing, conocida por su eficiencia mejorada y nuevas tecnolog\u00edas. Introducido como el avi\u00f3n bimotor m\u00e1s grande y eficiente del mundo, el 777X ofrece capacidades avanzadas tanto para pasajeros como para carga, con una nueva cabina m\u00e1s espaciosa y mejoras significativas en rendimiento y alcance.<\/p>\n<p><strong>Variantes de modelos:<\/strong><br \/>\n\u2022 Boeing 777-8<br \/>\n\u2022 Boeing 777-9<\/p>","protected":false},"featured_media":3099,"comment_status":"open","ping_status":"closed","template":"","meta":{"nf_dc_page":"","_eb_attr":""},"product_brand":[],"product_cat":[55],"product_tag":[],"class_list":{"0":"post-3115","1":"product","2":"type-product","3":"status-publish","4":"has-post-thumbnail","6":"product_cat-comercial-pasajeros","8":"first","9":"instock","10":"shipping-taxable","11":"product-type-simple"},"jetpack_sharing_enabled":true,"_links":{"self":[{"href":"https:\/\/interairportscorp.com\/en\/wp-json\/wp\/v2\/product\/3115","targetHints":{"allow":["GET"]}}],"collection":[{"href":"https:\/\/interairportscorp.com\/en\/wp-json\/wp\/v2\/product"}],"about":[{"href":"https:\/\/interairportscorp.com\/en\/wp-json\/wp\/v2\/types\/product"}],"replies":[{"embeddable":true,"href":"https:\/\/interairportscorp.com\/en\/wp-json\/wp\/v2\/comments?post=3115"}],"wp:featuredmedia":[{"embeddable":true,"href":"https:\/\/interairportscorp.com\/en\/wp-json\/wp\/v2\/media\/3099"}],"wp:attachment":[{"href":"https:\/\/interairportscorp.com\/en\/wp-json\/wp\/v2\/media?parent=3115"}],"wp:term":[{"taxonomy":"product_brand","embeddable":true,"href":"https:\/\/interairportscorp.com\/en\/wp-json\/wp\/v2\/product_brand?post=3115"},{"taxonomy":"product_cat","embeddable":true,"href":"https:\/\/interairportscorp.com\/en\/wp-json\/wp\/v2\/product_cat?post=3115"},{"taxonomy":"product_tag","embeddable":true,"href":"https:\/\/interairportscorp.com\/en\/wp-json\/wp\/v2\/product_tag?post=3115"}],"curies":[{"name":"wp","href":"https:\/\/api.w.org\/{rel}","templated":true}]}}