{"id":3098,"date":"2024-07-06T00:30:13","date_gmt":"2024-07-06T00:30:13","guid":{"rendered":"https:\/\/interairportscorp.com\/?post_type=product&#038;p=3098"},"modified":"2024-07-06T00:32:45","modified_gmt":"2024-07-06T00:32:45","slug":"boeing-777x","status":"publish","type":"product","link":"https:\/\/interairportscorp.com\/en\/product\/boeing-777x\/","title":{"rendered":"Boeing 787 Dreamliner"},"content":{"rendered":"","protected":false},"excerpt":{"rendered":"<p>El Boeing 787 Dreamliner es una familia de aviones de pasajeros de fuselaje ancho desarrollada por Boeing. Conocido por su eficiencia en combustible, comodidad para los pasajeros y tecnolog\u00eda avanzada, el 787 ha sido dise\u00f1ado para rutas de largo alcance y ofrece una experiencia de vuelo mejorada con caracter\u00edsticas como ventanas m\u00e1s grandes y una cabina m\u00e1s silenciosa.<\/p>\n<p><strong>Variantes de modelos:<\/strong><br \/>\n\u2022 Boeing 787-8<br \/>\n\u2022 Boeing 787-9<br \/>\n\u2022 Boeing 787-10<\/p>","protected":false},"featured_media":3110,"comment_status":"open","ping_status":"closed","template":"","meta":{"nf_dc_page":"","_eb_attr":""},"product_brand":[],"product_cat":[55],"product_tag":[],"class_list":{"0":"post-3098","1":"product","2":"type-product","3":"status-publish","4":"has-post-thumbnail","6":"product_cat-comercial-pasajeros","8":"first","9":"instock","10":"shipping-taxable","11":"product-type-simple"},"jetpack_sharing_enabled":true,"_links":{"self":[{"href":"https:\/\/interairportscorp.com\/en\/wp-json\/wp\/v2\/product\/3098","targetHints":{"allow":["GET"]}}],"collection":[{"href":"https:\/\/interairportscorp.com\/en\/wp-json\/wp\/v2\/product"}],"about":[{"href":"https:\/\/interairportscorp.com\/en\/wp-json\/wp\/v2\/types\/product"}],"replies":[{"embeddable":true,"href":"https:\/\/interairportscorp.com\/en\/wp-json\/wp\/v2\/comments?post=3098"}],"wp:featuredmedia":[{"embeddable":true,"href":"https:\/\/interairportscorp.com\/en\/wp-json\/wp\/v2\/media\/3110"}],"wp:attachment":[{"href":"https:\/\/interairportscorp.com\/en\/wp-json\/wp\/v2\/media?parent=3098"}],"wp:term":[{"taxonomy":"product_brand","embeddable":true,"href":"https:\/\/interairportscorp.com\/en\/wp-json\/wp\/v2\/product_brand?post=3098"},{"taxonomy":"product_cat","embeddable":true,"href":"https:\/\/interairportscorp.com\/en\/wp-json\/wp\/v2\/product_cat?post=3098"},{"taxonomy":"product_tag","embeddable":true,"href":"https:\/\/interairportscorp.com\/en\/wp-json\/wp\/v2\/product_tag?post=3098"}],"curies":[{"name":"wp","href":"https:\/\/api.w.org\/{rel}","templated":true}]}}