{"id":3085,"date":"2024-07-06T00:28:05","date_gmt":"2024-07-06T00:28:05","guid":{"rendered":"https:\/\/interairportscorp.com\/?post_type=product&#038;p=3085"},"modified":"2024-07-06T00:28:06","modified_gmt":"2024-07-06T00:28:06","slug":"boeing-777","status":"publish","type":"product","link":"https:\/\/interairportscorp.com\/en\/product\/boeing-777\/","title":{"rendered":"Boeing 777"},"content":{"rendered":"","protected":false},"excerpt":{"rendered":"<p>El Boeing 777 es un avi\u00f3n de pasajeros de fuselaje ancho desarrollado por Boeing en la d\u00e9cada de 1990. Reconocido por su eficiencia, capacidad y alcance, el 777 ha sido una opci\u00f3n popular para rutas de largo alcance y operaciones internacionales. Es conocido por su cabina amplia y c\u00f3moda, as\u00ed como por su innovadora tecnolog\u00eda y rendimiento confiable.<\/p>\n<p><strong>Variantes de modelos:<\/strong><br \/>\n\u2022 Boeing 777-200LR<br \/>\n\u2022 Boeing 777-300ER<\/p>","protected":false},"featured_media":3086,"comment_status":"open","ping_status":"closed","template":"","meta":{"nf_dc_page":"","_eb_attr":""},"product_brand":[],"product_cat":[55],"product_tag":[],"class_list":{"0":"post-3085","1":"product","2":"type-product","3":"status-publish","4":"has-post-thumbnail","6":"product_cat-comercial-pasajeros","8":"first","9":"instock","10":"shipping-taxable","11":"product-type-simple"},"jetpack_sharing_enabled":true,"_links":{"self":[{"href":"https:\/\/interairportscorp.com\/en\/wp-json\/wp\/v2\/product\/3085","targetHints":{"allow":["GET"]}}],"collection":[{"href":"https:\/\/interairportscorp.com\/en\/wp-json\/wp\/v2\/product"}],"about":[{"href":"https:\/\/interairportscorp.com\/en\/wp-json\/wp\/v2\/types\/product"}],"replies":[{"embeddable":true,"href":"https:\/\/interairportscorp.com\/en\/wp-json\/wp\/v2\/comments?post=3085"}],"wp:featuredmedia":[{"embeddable":true,"href":"https:\/\/interairportscorp.com\/en\/wp-json\/wp\/v2\/media\/3086"}],"wp:attachment":[{"href":"https:\/\/interairportscorp.com\/en\/wp-json\/wp\/v2\/media?parent=3085"}],"wp:term":[{"taxonomy":"product_brand","embeddable":true,"href":"https:\/\/interairportscorp.com\/en\/wp-json\/wp\/v2\/product_brand?post=3085"},{"taxonomy":"product_cat","embeddable":true,"href":"https:\/\/interairportscorp.com\/en\/wp-json\/wp\/v2\/product_cat?post=3085"},{"taxonomy":"product_tag","embeddable":true,"href":"https:\/\/interairportscorp.com\/en\/wp-json\/wp\/v2\/product_tag?post=3085"}],"curies":[{"name":"wp","href":"https:\/\/api.w.org\/{rel}","templated":true}]}}