{"id":3079,"date":"2024-07-06T00:25:17","date_gmt":"2024-07-06T00:25:17","guid":{"rendered":"https:\/\/interairportscorp.com\/?post_type=product&#038;p=3079"},"modified":"2024-07-06T00:25:18","modified_gmt":"2024-07-06T00:25:18","slug":"boeing-767","status":"publish","type":"product","link":"https:\/\/interairportscorp.com\/en\/product\/boeing-767\/","title":{"rendered":"Boeing 767"},"content":{"rendered":"","protected":false},"excerpt":{"rendered":"<p>El Boeing 767 es un avi\u00f3n de pasajeros de tama\u00f1o medio a largo desarrollado por Boeing en la d\u00e9cada de 1980. Reconocido por su versatilidad y eficiencia, el 767 ha sido utilizado tanto para vuelos de pasajeros como para carga a lo largo de los a\u00f1os. Ha sido una opci\u00f3n popular para rutas de medio alcance y tambi\u00e9n ha sido adaptado para versiones de largo alcance y de carga.<\/p>\n<p><strong>Especificaciones t\u00e9cnicas:<\/strong><br \/>\n\u2022 Motor: General Electric CF6-80A\/CF6-80C2, Pratt &amp; Whitney JT9D7R4D\/7R4E\/7R4E1, Rolls-Royce RB211-524C2\/C2B<br \/>\n\u2022 Potencia: Var\u00eda seg\u00fan la versi\u00f3n del motor<br \/>\n\u2022 Velocidad crucero: 530 knots (982 km\/h)<br \/>\n\u2022 Rango m\u00e1ximo: 6,590 nm (12,200 km)<br \/>\n\u2022 Capacidad de combustible: Var\u00eda seg\u00fan la configuraci\u00f3n<br \/>\n\u2022 Capacidad de pasajeros: 181-224<br \/>\n\u2022 Peso m\u00e1ximo de despegue: 395,000 lbs (179,170 kg)<\/p>","protected":false},"featured_media":3080,"comment_status":"open","ping_status":"closed","template":"","meta":{"nf_dc_page":"","_eb_attr":""},"product_brand":[],"product_cat":[55],"product_tag":[],"class_list":{"0":"post-3079","1":"product","2":"type-product","3":"status-publish","4":"has-post-thumbnail","6":"product_cat-comercial-pasajeros","8":"first","9":"instock","10":"shipping-taxable","11":"product-type-simple"},"jetpack_sharing_enabled":true,"_links":{"self":[{"href":"https:\/\/interairportscorp.com\/en\/wp-json\/wp\/v2\/product\/3079","targetHints":{"allow":["GET"]}}],"collection":[{"href":"https:\/\/interairportscorp.com\/en\/wp-json\/wp\/v2\/product"}],"about":[{"href":"https:\/\/interairportscorp.com\/en\/wp-json\/wp\/v2\/types\/product"}],"replies":[{"embeddable":true,"href":"https:\/\/interairportscorp.com\/en\/wp-json\/wp\/v2\/comments?post=3079"}],"wp:featuredmedia":[{"embeddable":true,"href":"https:\/\/interairportscorp.com\/en\/wp-json\/wp\/v2\/media\/3080"}],"wp:attachment":[{"href":"https:\/\/interairportscorp.com\/en\/wp-json\/wp\/v2\/media?parent=3079"}],"wp:term":[{"taxonomy":"product_brand","embeddable":true,"href":"https:\/\/interairportscorp.com\/en\/wp-json\/wp\/v2\/product_brand?post=3079"},{"taxonomy":"product_cat","embeddable":true,"href":"https:\/\/interairportscorp.com\/en\/wp-json\/wp\/v2\/product_cat?post=3079"},{"taxonomy":"product_tag","embeddable":true,"href":"https:\/\/interairportscorp.com\/en\/wp-json\/wp\/v2\/product_tag?post=3079"}],"curies":[{"name":"wp","href":"https:\/\/api.w.org\/{rel}","templated":true}]}}