{"id":3051,"date":"2024-07-03T22:54:23","date_gmt":"2024-07-03T22:54:23","guid":{"rendered":"https:\/\/interairportscorp.com\/?post_type=product&#038;p=3051"},"modified":"2024-07-03T22:54:24","modified_gmt":"2024-07-03T22:54:24","slug":"a319neo","status":"publish","type":"product","link":"https:\/\/interairportscorp.com\/en\/product\/a319neo\/","title":{"rendered":"A319NEO"},"content":{"rendered":"","protected":false},"excerpt":{"rendered":"<p>El Airbus A319neo es la versi\u00f3n neo del A319ceo, ofreciendo eficiencia mejorada y menor consumo de combustible, ideal para rutas de menor densidad de tr\u00e1fico y aeropuertos con restricciones.<\/p>\n<p><strong>Especificaciones t\u00e9cnicas:<\/strong><br \/>\n\u2022 Motores: Hasta 2 motores CFM International LEAP-1A o Pratt &amp; Whitney PW1000G<br \/>\n\u2022 Velocidad crucero: Mach 0.78 &#8211; 0.82<br \/>\n\u2022 Rango m\u00e1ximo: Aproximadamente 3,750 millas n\u00e1uticas (6,950 kil\u00f3metros)<br \/>\n\u2022 Capacidad de pasajeros (configuraci\u00f3n t\u00edpica): Hasta 160 pasajeros<br \/>\n\u2022 Longitud: 33.84 metros<br \/>\n\u2022 Envergadura: 35.80 metros<br \/>\n\u2022 Altura: 11.76 metros<\/p>","protected":false},"featured_media":3052,"comment_status":"open","ping_status":"closed","template":"","meta":{"nf_dc_page":"","_eb_attr":""},"product_brand":[],"product_cat":[55],"product_tag":[],"class_list":{"0":"post-3051","1":"product","2":"type-product","3":"status-publish","4":"has-post-thumbnail","6":"product_cat-comercial-pasajeros","8":"first","9":"instock","10":"shipping-taxable","11":"product-type-simple"},"jetpack_sharing_enabled":true,"_links":{"self":[{"href":"https:\/\/interairportscorp.com\/en\/wp-json\/wp\/v2\/product\/3051","targetHints":{"allow":["GET"]}}],"collection":[{"href":"https:\/\/interairportscorp.com\/en\/wp-json\/wp\/v2\/product"}],"about":[{"href":"https:\/\/interairportscorp.com\/en\/wp-json\/wp\/v2\/types\/product"}],"replies":[{"embeddable":true,"href":"https:\/\/interairportscorp.com\/en\/wp-json\/wp\/v2\/comments?post=3051"}],"wp:featuredmedia":[{"embeddable":true,"href":"https:\/\/interairportscorp.com\/en\/wp-json\/wp\/v2\/media\/3052"}],"wp:attachment":[{"href":"https:\/\/interairportscorp.com\/en\/wp-json\/wp\/v2\/media?parent=3051"}],"wp:term":[{"taxonomy":"product_brand","embeddable":true,"href":"https:\/\/interairportscorp.com\/en\/wp-json\/wp\/v2\/product_brand?post=3051"},{"taxonomy":"product_cat","embeddable":true,"href":"https:\/\/interairportscorp.com\/en\/wp-json\/wp\/v2\/product_cat?post=3051"},{"taxonomy":"product_tag","embeddable":true,"href":"https:\/\/interairportscorp.com\/en\/wp-json\/wp\/v2\/product_tag?post=3051"}],"curies":[{"name":"wp","href":"https:\/\/api.w.org\/{rel}","templated":true}]}}