{"id":3048,"date":"2024-07-03T22:50:22","date_gmt":"2024-07-03T22:50:22","guid":{"rendered":"https:\/\/interairportscorp.com\/?post_type=product&#038;p=3048"},"modified":"2024-07-03T22:50:22","modified_gmt":"2024-07-03T22:50:22","slug":"a320neo","status":"publish","type":"product","link":"https:\/\/interairportscorp.com\/en\/product\/a320neo\/","title":{"rendered":"A320NEO"},"content":{"rendered":"","protected":false},"excerpt":{"rendered":"<p>El Airbus A320neo es la versi\u00f3n neo del A320ceo, dise\u00f1ado para ofrecer mejoras significativas en eficiencia de combustible y reducci\u00f3n de emisiones, adem\u00e1s de mejoras en la cabina y sistemas.<\/p>\n<p><strong>Especificaciones t\u00e9cnicas:<\/strong><br \/>\n\u2022 Motores: Hasta 2 motores CFM International LEAP-1A o Pratt &amp; Whitney PW1000G<br \/>\n\u2022 Velocidad crucero: Mach 0.78 &#8211; 0.82<br \/>\n\u2022 Rango m\u00e1ximo: Aproximadamente 3,500 millas n\u00e1uticas (6,500 kil\u00f3metros)<br \/>\n\u2022 Capacidad de pasajeros (configuraci\u00f3n t\u00edpica): Hasta 195 pasajeros<br \/>\n\u2022 Longitud: 37.57 metros<br \/>\n\u2022 Envergadura: 35.80 metros<br \/>\n\u2022 Altura: 11.76 metros<\/p>","protected":false},"featured_media":3049,"comment_status":"open","ping_status":"closed","template":"","meta":{"nf_dc_page":"","_eb_attr":""},"product_brand":[],"product_cat":[55],"product_tag":[],"class_list":{"0":"post-3048","1":"product","2":"type-product","3":"status-publish","4":"has-post-thumbnail","6":"product_cat-comercial-pasajeros","8":"first","9":"instock","10":"shipping-taxable","11":"product-type-simple"},"jetpack_sharing_enabled":true,"_links":{"self":[{"href":"https:\/\/interairportscorp.com\/en\/wp-json\/wp\/v2\/product\/3048","targetHints":{"allow":["GET"]}}],"collection":[{"href":"https:\/\/interairportscorp.com\/en\/wp-json\/wp\/v2\/product"}],"about":[{"href":"https:\/\/interairportscorp.com\/en\/wp-json\/wp\/v2\/types\/product"}],"replies":[{"embeddable":true,"href":"https:\/\/interairportscorp.com\/en\/wp-json\/wp\/v2\/comments?post=3048"}],"wp:featuredmedia":[{"embeddable":true,"href":"https:\/\/interairportscorp.com\/en\/wp-json\/wp\/v2\/media\/3049"}],"wp:attachment":[{"href":"https:\/\/interairportscorp.com\/en\/wp-json\/wp\/v2\/media?parent=3048"}],"wp:term":[{"taxonomy":"product_brand","embeddable":true,"href":"https:\/\/interairportscorp.com\/en\/wp-json\/wp\/v2\/product_brand?post=3048"},{"taxonomy":"product_cat","embeddable":true,"href":"https:\/\/interairportscorp.com\/en\/wp-json\/wp\/v2\/product_cat?post=3048"},{"taxonomy":"product_tag","embeddable":true,"href":"https:\/\/interairportscorp.com\/en\/wp-json\/wp\/v2\/product_tag?post=3048"}],"curies":[{"name":"wp","href":"https:\/\/api.w.org\/{rel}","templated":true}]}}