{"id":3008,"date":"2024-07-03T21:09:30","date_gmt":"2024-07-03T21:09:30","guid":{"rendered":"https:\/\/interairportscorp.com\/?post_type=product&#038;p=3008"},"modified":"2024-07-03T21:09:31","modified_gmt":"2024-07-03T21:09:31","slug":"airbus-a220-300","status":"publish","type":"product","link":"https:\/\/interairportscorp.com\/en\/product\/airbus-a220-300\/","title":{"rendered":"Airbus A220-300"},"content":{"rendered":"","protected":false},"excerpt":{"rendered":"<p>El Airbus A220, anteriormente conocido como Bombardier CSeries, es una familia de aviones de pasajeros de tama\u00f1o medio desarrollada por Airbus. Dise\u00f1ado para ofrecer eficiencia en consumo de combustible y comodidad para los pasajeros, el A220 es adecuado para rutas regionales y de corto a medio alcance. Destaca por su dise\u00f1o aerodin\u00e1mico y avanzada tecnolog\u00eda de cabina.<\/p>\n<p>Variantes de modelos:<br \/>\n\u2022 Airbus A220-100<br \/>\n\u2022 Airbus A220-300<\/p>","protected":false},"featured_media":3013,"comment_status":"open","ping_status":"closed","template":"","meta":{"nf_dc_page":"","_eb_attr":""},"product_brand":[],"product_cat":[55],"product_tag":[],"class_list":{"0":"post-3008","1":"product","2":"type-product","3":"status-publish","4":"has-post-thumbnail","6":"product_cat-comercial-pasajeros","8":"first","9":"instock","10":"shipping-taxable","11":"product-type-simple"},"jetpack_sharing_enabled":true,"_links":{"self":[{"href":"https:\/\/interairportscorp.com\/en\/wp-json\/wp\/v2\/product\/3008","targetHints":{"allow":["GET"]}}],"collection":[{"href":"https:\/\/interairportscorp.com\/en\/wp-json\/wp\/v2\/product"}],"about":[{"href":"https:\/\/interairportscorp.com\/en\/wp-json\/wp\/v2\/types\/product"}],"replies":[{"embeddable":true,"href":"https:\/\/interairportscorp.com\/en\/wp-json\/wp\/v2\/comments?post=3008"}],"wp:featuredmedia":[{"embeddable":true,"href":"https:\/\/interairportscorp.com\/en\/wp-json\/wp\/v2\/media\/3013"}],"wp:attachment":[{"href":"https:\/\/interairportscorp.com\/en\/wp-json\/wp\/v2\/media?parent=3008"}],"wp:term":[{"taxonomy":"product_brand","embeddable":true,"href":"https:\/\/interairportscorp.com\/en\/wp-json\/wp\/v2\/product_brand?post=3008"},{"taxonomy":"product_cat","embeddable":true,"href":"https:\/\/interairportscorp.com\/en\/wp-json\/wp\/v2\/product_cat?post=3008"},{"taxonomy":"product_tag","embeddable":true,"href":"https:\/\/interairportscorp.com\/en\/wp-json\/wp\/v2\/product_tag?post=3008"}],"curies":[{"name":"wp","href":"https:\/\/api.w.org\/{rel}","templated":true}]}}