{"id":2345,"date":"2024-06-08T17:47:50","date_gmt":"2024-06-08T17:47:50","guid":{"rendered":"https:\/\/nueva.interairportscorp.com\/?post_type=product&#038;p=2345"},"modified":"2024-06-08T17:47:51","modified_gmt":"2024-06-08T17:47:51","slug":"bateria-de-avion-de-plomo-acido-sellado-serie-concorde-rg24-15m-platinum","status":"publish","type":"product","link":"https:\/\/interairportscorp.com\/en\/product\/bateria-de-avion-de-plomo-acido-sellado-serie-concorde-rg24-15m-platinum\/","title":{"rendered":"BATER\u00cdA DE AVI\u00d3N DE PLOMO \u00c1CIDO SELLADO SERIE CONCORDE RG24-15M PLATINUM"},"content":{"rendered":"","protected":false},"excerpt":{"rendered":"<p>Gas recombinante: la serie RG\u00ae son bater\u00edas de plomo-\u00e1cido reguladas por v\u00e1lvula (VRLA) de baja resistencia.<\/p>\n<ul>\n<li>Potencia de arranque superior<\/li>\n<li>Energ\u00eda esencial confiable en caso de falla del generador<\/li>\n<li>Dise\u00f1o de baja impedancia<\/li>\n<li>Libre de mantenimiento<\/li>\n<li>Construido con v\u00e1lvulas de ventilaci\u00f3n no extra\u00edbles, no se requiere adici\u00f3n de electrolito o agua<\/li>\n<li>Acrob\u00e1tico: No derramable a ninguna altitud o actitud.<\/li>\n<li>Probado en f\u00e1brica para asegurar la aeronavegabilidad<\/li>\n<li>Se env\u00eda completamente cargado y listo para instalar<\/li>\n<li>Fabricado con separadores de estera de vidrio absorbido (AGM)<\/li>\n<li>El RG24-15M cuenta con un colector para facilitar el reemplazo directo de la bater\u00eda ventilada del colector dise\u00f1ada originalmente<\/li>\n<li>Las bater\u00edas de la serie RG\u00ae se env\u00edan sin HAZMAT<\/li>\n<\/ul>\n<p>NOTA: Esta bater\u00eda de avi\u00f3n no est\u00e1 dise\u00f1ada ni destinada a aplicaciones de arranque de motores de avi\u00f3n de turbina. La cobertura de la garant\u00eda se aplica al arranque de motores alternativos de aeronaves e instalaciones de energ\u00eda esencial \/ de reserva.<\/p>\n<p>Esta bater\u00eda Concorde est\u00e1 aprobada por TSO bajo FAA TSO-C173a. TSO Approved autoriza a Concorde Battery a producir una pieza seg\u00fan un pedido t\u00e9cnico est\u00e1ndar. TSO Approved es la aprobaci\u00f3n tanto de dise\u00f1o como de producci\u00f3n de la bater\u00eda.<\/p>","protected":false},"featured_media":2346,"comment_status":"open","ping_status":"closed","template":"","meta":{"nf_dc_page":"","_eb_attr":""},"product_brand":[],"product_cat":[62],"product_tag":[],"class_list":{"0":"post-2345","1":"product","2":"type-product","3":"status-publish","4":"has-post-thumbnail","6":"product_cat-repuestos-para-aviones-militares","8":"first","9":"instock","10":"shipping-taxable","11":"purchasable","12":"product-type-simple"},"jetpack_sharing_enabled":true,"_links":{"self":[{"href":"https:\/\/interairportscorp.com\/en\/wp-json\/wp\/v2\/product\/2345","targetHints":{"allow":["GET"]}}],"collection":[{"href":"https:\/\/interairportscorp.com\/en\/wp-json\/wp\/v2\/product"}],"about":[{"href":"https:\/\/interairportscorp.com\/en\/wp-json\/wp\/v2\/types\/product"}],"replies":[{"embeddable":true,"href":"https:\/\/interairportscorp.com\/en\/wp-json\/wp\/v2\/comments?post=2345"}],"wp:featuredmedia":[{"embeddable":true,"href":"https:\/\/interairportscorp.com\/en\/wp-json\/wp\/v2\/media\/2346"}],"wp:attachment":[{"href":"https:\/\/interairportscorp.com\/en\/wp-json\/wp\/v2\/media?parent=2345"}],"wp:term":[{"taxonomy":"product_brand","embeddable":true,"href":"https:\/\/interairportscorp.com\/en\/wp-json\/wp\/v2\/product_brand?post=2345"},{"taxonomy":"product_cat","embeddable":true,"href":"https:\/\/interairportscorp.com\/en\/wp-json\/wp\/v2\/product_cat?post=2345"},{"taxonomy":"product_tag","embeddable":true,"href":"https:\/\/interairportscorp.com\/en\/wp-json\/wp\/v2\/product_tag?post=2345"}],"curies":[{"name":"wp","href":"https:\/\/api.w.org\/{rel}","templated":true}]}}