{"id":2335,"date":"2024-06-08T17:40:30","date_gmt":"2024-06-08T17:40:30","guid":{"rendered":"https:\/\/nueva.interairportscorp.com\/?post_type=product&#038;p=2335"},"modified":"2024-06-08T17:41:15","modified_gmt":"2024-06-08T17:41:15","slug":"2335","status":"publish","type":"product","link":"https:\/\/interairportscorp.com\/en\/product\/2335\/","title":{"rendered":"BATER\u00cdA GILL\u00ae G-25"},"content":{"rendered":"","protected":false},"excerpt":{"rendered":"<p>The Gill Electric Company fue fundada por el Sr. Lawrence Gill en 1920, en Redlands, California, donde la f\u00e1brica permanece hoy. En ese momento, Gill Electric fabricaba bater\u00edas de plomo-\u00e1cido para la industria automotriz. Durante los a\u00f1os de guerra, Gill fabric\u00f3 bater\u00edas para aviones y veh\u00edculos terrestres militares; algunas de estas bater\u00edas todav\u00eda est\u00e1n en producci\u00f3n en la actualidad. Gill Electric mejor\u00f3 el proceso de carga seca que proporciona un producto cargado fresco cuando se agrega el electrolito. Gill se ha convertido en la \u201cbater\u00eda de equipo original\u201d OEM para Raytheon, Cessna, LearJet, Mooney, Piper, Ayres, Airtractor, Maule, Scheizer y otros en la industria de la aviaci\u00f3n y Gill sigue siendo la elecci\u00f3n de la industria para productos de bater\u00edas de calidad.<\/p>","protected":false},"featured_media":2336,"comment_status":"open","ping_status":"closed","template":"","meta":{"nf_dc_page":"","_eb_attr":""},"product_brand":[],"product_cat":[61],"product_tag":[],"class_list":{"0":"post-2335","1":"product","2":"type-product","3":"status-publish","4":"has-post-thumbnail","6":"product_cat-repuestos-para-aviones-comerciales","8":"first","9":"instock","10":"shipping-taxable","11":"purchasable","12":"product-type-simple"},"jetpack_sharing_enabled":true,"_links":{"self":[{"href":"https:\/\/interairportscorp.com\/en\/wp-json\/wp\/v2\/product\/2335","targetHints":{"allow":["GET"]}}],"collection":[{"href":"https:\/\/interairportscorp.com\/en\/wp-json\/wp\/v2\/product"}],"about":[{"href":"https:\/\/interairportscorp.com\/en\/wp-json\/wp\/v2\/types\/product"}],"replies":[{"embeddable":true,"href":"https:\/\/interairportscorp.com\/en\/wp-json\/wp\/v2\/comments?post=2335"}],"wp:featuredmedia":[{"embeddable":true,"href":"https:\/\/interairportscorp.com\/en\/wp-json\/wp\/v2\/media\/2336"}],"wp:attachment":[{"href":"https:\/\/interairportscorp.com\/en\/wp-json\/wp\/v2\/media?parent=2335"}],"wp:term":[{"taxonomy":"product_brand","embeddable":true,"href":"https:\/\/interairportscorp.com\/en\/wp-json\/wp\/v2\/product_brand?post=2335"},{"taxonomy":"product_cat","embeddable":true,"href":"https:\/\/interairportscorp.com\/en\/wp-json\/wp\/v2\/product_cat?post=2335"},{"taxonomy":"product_tag","embeddable":true,"href":"https:\/\/interairportscorp.com\/en\/wp-json\/wp\/v2\/product_tag?post=2335"}],"curies":[{"name":"wp","href":"https:\/\/api.w.org\/{rel}","templated":true}]}}