{"id":2325,"date":"2024-06-08T15:56:54","date_gmt":"2024-06-08T15:56:54","guid":{"rendered":"https:\/\/nueva.interairportscorp.com\/?post_type=product&#038;p=2325"},"modified":"2024-06-08T15:56:55","modified_gmt":"2024-06-08T15:56:55","slug":"m07601-neumatico-michelin","status":"publish","type":"product","link":"https:\/\/interairportscorp.com\/en\/product\/m07601-neumatico-michelin\/","title":{"rendered":"M07601 Neum\u00e1tico Michelin"},"content":{"rendered":"","protected":false},"excerpt":{"rendered":"<p>Rendimiento radial legendario de Michelin\u00ae. Los neum\u00e1ticos radiales MICHELIN\u00ae Air X\u00ae se montan actualmente en una amplia gama de aviones comerciales, militares y corporativos. Realmente no es ninguna sorpresa, dadas las numerosas ventajas que ofrecen sobre los neum\u00e1ticos convencionales de capas diagonales. En realidad, han elevado las expectativas de rendimiento b\u00e1sico para los neum\u00e1ticos de aviones, de la misma manera que los radiales MICHELIN\u00ae elevaron los est\u00e1ndares para los neum\u00e1ticos de autom\u00f3viles.<\/p>","protected":false},"featured_media":2326,"comment_status":"open","ping_status":"closed","template":"","meta":{"nf_dc_page":"","_eb_attr":""},"product_brand":[],"product_cat":[60],"product_tag":[],"class_list":{"0":"post-2325","1":"product","2":"type-product","3":"status-publish","4":"has-post-thumbnail","6":"product_cat-repuestos-para-aviones-civiles","8":"first","9":"instock","10":"shipping-taxable","11":"purchasable","12":"product-type-simple"},"jetpack_sharing_enabled":true,"_links":{"self":[{"href":"https:\/\/interairportscorp.com\/en\/wp-json\/wp\/v2\/product\/2325","targetHints":{"allow":["GET"]}}],"collection":[{"href":"https:\/\/interairportscorp.com\/en\/wp-json\/wp\/v2\/product"}],"about":[{"href":"https:\/\/interairportscorp.com\/en\/wp-json\/wp\/v2\/types\/product"}],"replies":[{"embeddable":true,"href":"https:\/\/interairportscorp.com\/en\/wp-json\/wp\/v2\/comments?post=2325"}],"wp:featuredmedia":[{"embeddable":true,"href":"https:\/\/interairportscorp.com\/en\/wp-json\/wp\/v2\/media\/2326"}],"wp:attachment":[{"href":"https:\/\/interairportscorp.com\/en\/wp-json\/wp\/v2\/media?parent=2325"}],"wp:term":[{"taxonomy":"product_brand","embeddable":true,"href":"https:\/\/interairportscorp.com\/en\/wp-json\/wp\/v2\/product_brand?post=2325"},{"taxonomy":"product_cat","embeddable":true,"href":"https:\/\/interairportscorp.com\/en\/wp-json\/wp\/v2\/product_cat?post=2325"},{"taxonomy":"product_tag","embeddable":true,"href":"https:\/\/interairportscorp.com\/en\/wp-json\/wp\/v2\/product_tag?post=2325"}],"curies":[{"name":"wp","href":"https:\/\/api.w.org\/{rel}","templated":true}]}}