{"id":2906,"date":"2024-06-14T21:29:06","date_gmt":"2024-06-14T21:29:06","guid":{"rendered":"https:\/\/interairportscorp.com\/?page_id=2906"},"modified":"2024-09-14T20:04:15","modified_gmt":"2024-09-14T20:04:15","slug":"membresia","status":"publish","type":"page","link":"https:\/\/interairportscorp.com\/en\/membresia\/","title":{"rendered":"Membres\u00eda"},"content":{"rendered":"<div data-elementor-type=\"wp-page\" data-elementor-id=\"2906\" class=\"elementor elementor-2906\" data-elementor-post-type=\"page\">\n\t\t\t\t\t\t<section class=\"elementor-section elementor-top-section elementor-element elementor-element-a891e86 elementor-section-boxed elementor-section-height-default elementor-section-height-default wpr-particle-no wpr-jarallax-no wpr-parallax-no wpr-sticky-section-no wpr-equal-height-no\" data-id=\"a891e86\" data-element_type=\"section\" data-e-type=\"section\" data-settings=\"{&quot;background_background&quot;:&quot;classic&quot;}\">\n\t\t\t\t\t\t\t<div class=\"elementor-background-overlay\"><\/div>\n\t\t\t\t\t\t\t<div class=\"elementor-container elementor-column-gap-default\">\n\t\t\t\t\t<div class=\"elementor-column elementor-col-100 elementor-top-column elementor-element elementor-element-c8caeac\" data-id=\"c8caeac\" data-element_type=\"column\" data-e-type=\"column\">\n\t\t\t<div class=\"elementor-widget-wrap elementor-element-populated\">\n\t\t\t\t\t\t<div class=\"elementor-element elementor-element-2b28a89 elementor-widget elementor-widget-heading\" data-id=\"2b28a89\" data-element_type=\"widget\" data-e-type=\"widget\" data-widget_type=\"heading.default\">\n\t\t\t\t<div class=\"elementor-widget-container\">\n\t\t\t\t\t<h2 class=\"elementor-heading-title elementor-size-default\">Membres\u00edas<\/h2>\t\t\t\t<\/div>\n\t\t\t\t<\/div>\n\t\t\t\t<div class=\"elementor-element elementor-element-be9ca23 elementor-widget elementor-widget-spacer\" data-id=\"be9ca23\" data-element_type=\"widget\" data-e-type=\"widget\" data-widget_type=\"spacer.default\">\n\t\t\t\t<div class=\"elementor-widget-container\">\n\t\t\t\t\t\t\t<div class=\"elementor-spacer\">\n\t\t\t<div class=\"elementor-spacer-inner\"><\/div>\n\t\t<\/div>\n\t\t\t\t\t\t<\/div>\n\t\t\t\t<\/div>\n\t\t\t\t<div class=\"elementor-element elementor-element-55f5dc8 wpr-logo-position-center elementor-widget elementor-widget-wpr-logo\" data-id=\"55f5dc8\" data-element_type=\"widget\" data-e-type=\"widget\" data-widget_type=\"wpr-logo.default\">\n\t\t\t\t<div class=\"elementor-widget-container\">\n\t\t\t\t\t\t\t\t\n\t\t\t<div class=\"wpr-logo elementor-clearfix\">\n\n\t\t\t\t\t\t\t\t<picture class=\"wpr-logo-image\">\n\t\t\t\t\t\n\t\t\t\t\t\t\t\t\t\t<source srcset=\"https:\/\/interairportscorp.com\/wp-content\/uploads\/2023\/08\/LOGOS-IASSA-LETRA-BLANCA-1.png 1x, https:\/\/interairportscorp.com\/wp-content\/uploads\/2023\/08\/LOGOS-IASSA-LETRA-BLANCA-1.png 2x\">\t\n\t\t\t\t\t\t\t\t\t\t\n\t\t\t\t\t<img data-recalc-dims=\"1\" decoding=\"async\" loading=\"lazy\" src=\"https:\/\/i0.wp.com\/interairportscorp.com\/wp-content\/uploads\/2023\/08\/LOGOS-IASSA-LETRA-BLANCA-1.png?w=960&#038;ssl=1\" alt=\"\">\n\n\t\t\t\t\t\t\t\t\t\t\t<a class=\"wpr-logo-url\" rel=\"home\" aria-label=\"\" href=\"https:\/\/interairportscorp.com\/en\/\"><\/a>\n\t\t\t\t\t\t\t\t\t<\/picture>\n\t\t\t\t\n\t\t\t\t\n\t\t\t\t\t\t\t\t\t<a class=\"wpr-logo-url\" rel=\"home\" aria-label=\"\" href=\"https:\/\/interairportscorp.com\/en\/\"><\/a>\n\t\t\t\t\n\t\t\t<\/div>\n\t\t\t\t\n\t\t\t\t\t\t<\/div>\n\t\t\t\t<\/div>\n\t\t\t\t<div class=\"elementor-element elementor-element-4216b6f elementor-widget elementor-widget-spacer\" data-id=\"4216b6f\" data-element_type=\"widget\" data-e-type=\"widget\" data-widget_type=\"spacer.default\">\n\t\t\t\t<div class=\"elementor-widget-container\">\n\t\t\t\t\t\t\t<div class=\"elementor-spacer\">\n\t\t\t<div class=\"elementor-spacer-inner\"><\/div>\n\t\t<\/div>\n\t\t\t\t\t\t<\/div>\n\t\t\t\t<\/div>\n\t\t\t\t<div class=\"elementor-element elementor-element-5910b20 elementor-widget elementor-widget-heading\" data-id=\"5910b20\" data-element_type=\"widget\" data-e-type=\"widget\" data-widget_type=\"heading.default\">\n\t\t\t\t<div class=\"elementor-widget-container\">\n\t\t\t\t\t<h2 class=\"elementor-heading-title elementor-size-default\">Adquiere tu membres\u00eda IASSA y disfruta de los beneficios que ofrecemos hechos especialmente para ti<\/h2>\t\t\t\t<\/div>\n\t\t\t\t<\/div>\n\t\t\t\t\t<\/div>\n\t\t<\/div>\n\t\t\t\t\t<\/div>\n\t\t<\/section>\n\t\t<div class=\"elementor-element elementor-element-0b55bad e-flex e-con-boxed wpr-particle-no wpr-jarallax-no wpr-parallax-no wpr-sticky-section-no wpr-equal-height-no e-con e-parent\" data-id=\"0b55bad\" data-element_type=\"container\" data-e-type=\"container\">\n\t\t\t\t\t<div class=\"e-con-inner\">\n\t\t\t\t<div class=\"elementor-element elementor-element-3cbb46a elementor-widget elementor-widget-spacer\" data-id=\"3cbb46a\" data-element_type=\"widget\" data-e-type=\"widget\" data-widget_type=\"spacer.default\">\n\t\t\t\t<div class=\"elementor-widget-container\">\n\t\t\t\t\t\t\t<div class=\"elementor-spacer\">\n\t\t\t<div class=\"elementor-spacer-inner\"><\/div>\n\t\t<\/div>\n\t\t\t\t\t\t<\/div>\n\t\t\t\t<\/div>\n\t\t\t\t\t<\/div>\n\t\t\t\t<\/div>\n\t\t<div class=\"elementor-element elementor-element-9a3638f elementor-hidden-tablet elementor-hidden-mobile e-flex e-con-boxed wpr-particle-no wpr-jarallax-no wpr-parallax-no wpr-sticky-section-no wpr-equal-height-no elementor-invisible e-con e-parent\" data-id=\"9a3638f\" data-element_type=\"container\" data-e-type=\"container\" data-settings=\"{&quot;animation&quot;:&quot;slideInRight&quot;}\">\n\t\t\t\t\t<div class=\"e-con-inner\">\n\t\t\t\t<div class=\"elementor-element elementor-element-0b3755d elementor-widget elementor-widget-heading\" data-id=\"0b3755d\" data-element_type=\"widget\" data-e-type=\"widget\" data-widget_type=\"heading.default\">\n\t\t\t\t<div class=\"elementor-widget-container\">\n\t\t\t\t\t<h2 class=\"elementor-heading-title elementor-size-default\">MEMBRES\u00cdA GOLDEN<\/h2>\t\t\t\t<\/div>\n\t\t\t\t<\/div>\n\t\t\t\t<div class=\"elementor-element elementor-element-3ed6f34 elementor-widget elementor-widget-text-editor\" data-id=\"3ed6f34\" data-element_type=\"widget\" data-e-type=\"widget\" data-widget_type=\"text-editor.default\">\n\t\t\t\t<div class=\"elementor-widget-container\">\n\t\t\t\t\t\t\t\t\t<p>Adquiere tu Membres\u00eda Golden<\/p><p>y disfruta de muchos<\/p><p>beneficios premium.<\/p>\t\t\t\t\t\t\t\t<\/div>\n\t\t\t\t<\/div>\n\t\t\t\t<div class=\"elementor-element elementor-element-d383256 elementor-align-right elementor-widget elementor-widget-button\" data-id=\"d383256\" data-element_type=\"widget\" data-e-type=\"widget\" data-widget_type=\"button.default\">\n\t\t\t\t<div class=\"elementor-widget-container\">\n\t\t\t\t\t\t\t\t\t<div class=\"elementor-button-wrapper\">\n\t\t\t\t\t<a class=\"elementor-button elementor-button-link elementor-size-sm\" href=\"#\">\n\t\t\t\t\t\t<span class=\"elementor-button-content-wrapper\">\n\t\t\t\t\t\t\t\t\t<span class=\"elementor-button-text\">Adquirir Membres\u00eda<\/span>\n\t\t\t\t\t<\/span>\n\t\t\t\t\t<\/a>\n\t\t\t\t<\/div>\n\t\t\t\t\t\t\t\t<\/div>\n\t\t\t\t<\/div>\n\t\t\t\t<div class=\"elementor-element elementor-element-ce06879 elementor-widget-divider--view-line elementor-widget elementor-widget-divider\" data-id=\"ce06879\" data-element_type=\"widget\" data-e-type=\"widget\" data-widget_type=\"divider.default\">\n\t\t\t\t<div class=\"elementor-widget-container\">\n\t\t\t\t\t\t\t<div class=\"elementor-divider\">\n\t\t\t<span class=\"elementor-divider-separator\">\n\t\t\t\t\t\t<\/span>\n\t\t<\/div>\n\t\t\t\t\t\t<\/div>\n\t\t\t\t<\/div>\n\t\t\t\t<div class=\"elementor-element elementor-element-b0f1316 elementor-widget elementor-widget-image\" data-id=\"b0f1316\" data-element_type=\"widget\" data-e-type=\"widget\" data-widget_type=\"image.default\">\n\t\t\t\t<div class=\"elementor-widget-container\">\n\t\t\t\t\t\t\t\t\t\t\t\t\t\t\t<img loading=\"lazy\" decoding=\"async\" width=\"960\" height=\"299\" src=\"https:\/\/i0.wp.com\/interairportscorp.com\/wp-content\/uploads\/2024\/06\/GOLDEN-MEMBERSHIP-IASSA.png?fit=960%2C299&amp;ssl=1\" class=\"attachment-large size-large wp-image-2922\" alt=\"\" srcset=\"https:\/\/i0.wp.com\/interairportscorp.com\/wp-content\/uploads\/2024\/06\/GOLDEN-MEMBERSHIP-IASSA.png?w=1358&amp;ssl=1 1358w, https:\/\/i0.wp.com\/interairportscorp.com\/wp-content\/uploads\/2024\/06\/GOLDEN-MEMBERSHIP-IASSA.png?resize=300%2C93&amp;ssl=1 300w, https:\/\/i0.wp.com\/interairportscorp.com\/wp-content\/uploads\/2024\/06\/GOLDEN-MEMBERSHIP-IASSA.png?resize=1024%2C319&amp;ssl=1 1024w, https:\/\/i0.wp.com\/interairportscorp.com\/wp-content\/uploads\/2024\/06\/GOLDEN-MEMBERSHIP-IASSA.png?resize=768%2C239&amp;ssl=1 768w, https:\/\/i0.wp.com\/interairportscorp.com\/wp-content\/uploads\/2024\/06\/GOLDEN-MEMBERSHIP-IASSA.png?resize=500%2C156&amp;ssl=1 500w\" sizes=\"auto, (max-width: 960px) 100vw, 960px\" \/>\t\t\t\t\t\t\t\t\t\t\t\t\t\t\t<\/div>\n\t\t\t\t<\/div>\n\t\t\t\t\t<\/div>\n\t\t\t\t<\/div>\n\t\t<div class=\"elementor-element elementor-element-b9af661 elementor-hidden-tablet elementor-hidden-mobile e-flex e-con-boxed wpr-particle-no wpr-jarallax-no wpr-parallax-no wpr-sticky-section-no wpr-equal-height-no elementor-invisible e-con e-parent\" data-id=\"b9af661\" data-element_type=\"container\" data-e-type=\"container\" data-settings=\"{&quot;animation&quot;:&quot;slideInLeft&quot;}\">\n\t\t\t\t\t<div class=\"e-con-inner\">\n\t\t\t\t<div class=\"elementor-element elementor-element-802ad96 elementor-widget elementor-widget-image\" data-id=\"802ad96\" data-element_type=\"widget\" data-e-type=\"widget\" data-widget_type=\"image.default\">\n\t\t\t\t<div class=\"elementor-widget-container\">\n\t\t\t\t\t\t\t\t\t\t\t\t\t\t\t<img loading=\"lazy\" decoding=\"async\" width=\"960\" height=\"521\" src=\"https:\/\/i0.wp.com\/interairportscorp.com\/wp-content\/uploads\/2024\/06\/Golden-1024x556-1.png?fit=960%2C521&amp;ssl=1\" class=\"attachment-large size-large wp-image-2921\" alt=\"\" srcset=\"https:\/\/i0.wp.com\/interairportscorp.com\/wp-content\/uploads\/2024\/06\/Golden-1024x556-1.png?w=1024&amp;ssl=1 1024w, https:\/\/i0.wp.com\/interairportscorp.com\/wp-content\/uploads\/2024\/06\/Golden-1024x556-1.png?resize=300%2C163&amp;ssl=1 300w, https:\/\/i0.wp.com\/interairportscorp.com\/wp-content\/uploads\/2024\/06\/Golden-1024x556-1.png?resize=768%2C417&amp;ssl=1 768w, https:\/\/i0.wp.com\/interairportscorp.com\/wp-content\/uploads\/2024\/06\/Golden-1024x556-1.png?resize=500%2C271&amp;ssl=1 500w\" sizes=\"auto, (max-width: 960px) 100vw, 960px\" \/>\t\t\t\t\t\t\t\t\t\t\t\t\t\t\t<\/div>\n\t\t\t\t<\/div>\n\t\t\t\t\t<\/div>\n\t\t\t\t<\/div>\n\t\t<div class=\"elementor-element elementor-element-a69554f elementor-hidden-desktop elementor-hidden-laptop e-flex e-con-boxed wpr-particle-no wpr-jarallax-no wpr-parallax-no wpr-sticky-section-no wpr-equal-height-no elementor-invisible e-con e-parent\" data-id=\"a69554f\" data-element_type=\"container\" data-e-type=\"container\" data-settings=\"{&quot;animation&quot;:&quot;slideInRight&quot;}\">\n\t\t\t\t\t<div class=\"e-con-inner\">\n\t\t\t\t<div class=\"elementor-element elementor-element-97b450f elementor-widget elementor-widget-heading\" data-id=\"97b450f\" data-element_type=\"widget\" data-e-type=\"widget\" data-widget_type=\"heading.default\">\n\t\t\t\t<div class=\"elementor-widget-container\">\n\t\t\t\t\t<h2 class=\"elementor-heading-title elementor-size-default\">MEMBRES\u00cdA GOLDEN<\/h2>\t\t\t\t<\/div>\n\t\t\t\t<\/div>\n\t\t\t\t<div class=\"elementor-element elementor-element-010ff26 elementor-widget elementor-widget-text-editor\" data-id=\"010ff26\" data-element_type=\"widget\" data-e-type=\"widget\" data-widget_type=\"text-editor.default\">\n\t\t\t\t<div class=\"elementor-widget-container\">\n\t\t\t\t\t\t\t\t\t<p>Adquiere tu Membres\u00eda Golden<\/p><p>y disfruta de muchos<\/p><p>beneficios premium.<\/p>\t\t\t\t\t\t\t\t<\/div>\n\t\t\t\t<\/div>\n\t\t\t\t<div class=\"elementor-element elementor-element-a6155a6 elementor-widget-divider--view-line elementor-widget elementor-widget-divider\" data-id=\"a6155a6\" data-element_type=\"widget\" data-e-type=\"widget\" data-widget_type=\"divider.default\">\n\t\t\t\t<div class=\"elementor-widget-container\">\n\t\t\t\t\t\t\t<div class=\"elementor-divider\">\n\t\t\t<span class=\"elementor-divider-separator\">\n\t\t\t\t\t\t<\/span>\n\t\t<\/div>\n\t\t\t\t\t\t<\/div>\n\t\t\t\t<\/div>\n\t\t\t\t<div class=\"elementor-element elementor-element-d476e4e elementor-widget elementor-widget-image\" data-id=\"d476e4e\" data-element_type=\"widget\" data-e-type=\"widget\" data-widget_type=\"image.default\">\n\t\t\t\t<div class=\"elementor-widget-container\">\n\t\t\t\t\t\t\t\t\t\t\t\t\t\t\t<img loading=\"lazy\" decoding=\"async\" width=\"960\" height=\"299\" src=\"https:\/\/i0.wp.com\/interairportscorp.com\/wp-content\/uploads\/2024\/06\/GOLDEN-MEMBERSHIP-IASSA.png?fit=960%2C299&amp;ssl=1\" class=\"attachment-large size-large wp-image-2922\" alt=\"\" srcset=\"https:\/\/i0.wp.com\/interairportscorp.com\/wp-content\/uploads\/2024\/06\/GOLDEN-MEMBERSHIP-IASSA.png?w=1358&amp;ssl=1 1358w, https:\/\/i0.wp.com\/interairportscorp.com\/wp-content\/uploads\/2024\/06\/GOLDEN-MEMBERSHIP-IASSA.png?resize=300%2C93&amp;ssl=1 300w, https:\/\/i0.wp.com\/interairportscorp.com\/wp-content\/uploads\/2024\/06\/GOLDEN-MEMBERSHIP-IASSA.png?resize=1024%2C319&amp;ssl=1 1024w, https:\/\/i0.wp.com\/interairportscorp.com\/wp-content\/uploads\/2024\/06\/GOLDEN-MEMBERSHIP-IASSA.png?resize=768%2C239&amp;ssl=1 768w, https:\/\/i0.wp.com\/interairportscorp.com\/wp-content\/uploads\/2024\/06\/GOLDEN-MEMBERSHIP-IASSA.png?resize=500%2C156&amp;ssl=1 500w\" sizes=\"auto, (max-width: 960px) 100vw, 960px\" \/>\t\t\t\t\t\t\t\t\t\t\t\t\t\t\t<\/div>\n\t\t\t\t<\/div>\n\t\t\t\t\t<\/div>\n\t\t\t\t<\/div>\n\t\t<div class=\"elementor-element elementor-element-25e096d elementor-hidden-desktop elementor-hidden-laptop e-flex e-con-boxed wpr-particle-no wpr-jarallax-no wpr-parallax-no wpr-sticky-section-no wpr-equal-height-no elementor-invisible e-con e-parent\" data-id=\"25e096d\" data-element_type=\"container\" data-e-type=\"container\" data-settings=\"{&quot;animation&quot;:&quot;slideInLeft&quot;}\">\n\t\t\t\t\t<div class=\"e-con-inner\">\n\t\t\t\t<div class=\"elementor-element elementor-element-67f8be8 elementor-widget elementor-widget-image\" data-id=\"67f8be8\" data-element_type=\"widget\" data-e-type=\"widget\" data-widget_type=\"image.default\">\n\t\t\t\t<div class=\"elementor-widget-container\">\n\t\t\t\t\t\t\t\t\t\t\t\t\t\t\t<img loading=\"lazy\" decoding=\"async\" width=\"960\" height=\"521\" src=\"https:\/\/i0.wp.com\/interairportscorp.com\/wp-content\/uploads\/2024\/06\/Golden-1024x556-1.png?fit=960%2C521&amp;ssl=1\" class=\"attachment-large size-large wp-image-2921\" alt=\"\" srcset=\"https:\/\/i0.wp.com\/interairportscorp.com\/wp-content\/uploads\/2024\/06\/Golden-1024x556-1.png?w=1024&amp;ssl=1 1024w, https:\/\/i0.wp.com\/interairportscorp.com\/wp-content\/uploads\/2024\/06\/Golden-1024x556-1.png?resize=300%2C163&amp;ssl=1 300w, https:\/\/i0.wp.com\/interairportscorp.com\/wp-content\/uploads\/2024\/06\/Golden-1024x556-1.png?resize=768%2C417&amp;ssl=1 768w, https:\/\/i0.wp.com\/interairportscorp.com\/wp-content\/uploads\/2024\/06\/Golden-1024x556-1.png?resize=500%2C271&amp;ssl=1 500w\" sizes=\"auto, (max-width: 960px) 100vw, 960px\" \/>\t\t\t\t\t\t\t\t\t\t\t\t\t\t\t<\/div>\n\t\t\t\t<\/div>\n\t\t\t\t\t<\/div>\n\t\t\t\t<\/div>\n\t\t<div class=\"elementor-element elementor-element-2430523 e-flex e-con-boxed wpr-particle-no wpr-jarallax-no wpr-parallax-no wpr-sticky-section-no wpr-equal-height-no e-con e-parent\" data-id=\"2430523\" data-element_type=\"container\" data-e-type=\"container\">\n\t\t\t\t\t<div class=\"e-con-inner\">\n\t\t\t\t<div class=\"elementor-element elementor-element-f7009cb elementor-widget elementor-widget-spacer\" data-id=\"f7009cb\" data-element_type=\"widget\" data-e-type=\"widget\" data-widget_type=\"spacer.default\">\n\t\t\t\t<div class=\"elementor-widget-container\">\n\t\t\t\t\t\t\t<div class=\"elementor-spacer\">\n\t\t\t<div class=\"elementor-spacer-inner\"><\/div>\n\t\t<\/div>\n\t\t\t\t\t\t<\/div>\n\t\t\t\t<\/div>\n\t\t\t\t\t<\/div>\n\t\t\t\t<\/div>\n\t\t\t\t<\/div>","protected":false},"excerpt":{"rendered":"<p>Membres\u00edas Adquiere tu membres\u00eda IASSA y disfruta de los beneficios que ofrecemos hechos especialmente para ti MEMBRES\u00cdA GOLDEN Adquiere tu Membres\u00eda Golden y disfruta de muchos beneficios premium. Adquirir Membres\u00eda MEMBRES\u00cdA GOLDEN Adquiere tu Membres\u00eda Golden y disfruta de muchos beneficios premium.<\/p>","protected":false},"author":2,"featured_media":0,"parent":0,"menu_order":0,"comment_status":"closed","ping_status":"closed","template":"elementor_canvas","meta":{"nf_dc_page":"","_eb_attr":"","footnotes":""},"class_list":["post-2906","page","type-page","status-publish","hentry"],"jetpack_sharing_enabled":true,"_links":{"self":[{"href":"https:\/\/interairportscorp.com\/en\/wp-json\/wp\/v2\/pages\/2906","targetHints":{"allow":["GET"]}}],"collection":[{"href":"https:\/\/interairportscorp.com\/en\/wp-json\/wp\/v2\/pages"}],"about":[{"href":"https:\/\/interairportscorp.com\/en\/wp-json\/wp\/v2\/types\/page"}],"author":[{"embeddable":true,"href":"https:\/\/interairportscorp.com\/en\/wp-json\/wp\/v2\/users\/2"}],"replies":[{"embeddable":true,"href":"https:\/\/interairportscorp.com\/en\/wp-json\/wp\/v2\/comments?post=2906"}],"version-history":[{"count":20,"href":"https:\/\/interairportscorp.com\/en\/wp-json\/wp\/v2\/pages\/2906\/revisions"}],"predecessor-version":[{"id":3516,"href":"https:\/\/interairportscorp.com\/en\/wp-json\/wp\/v2\/pages\/2906\/revisions\/3516"}],"wp:attachment":[{"href":"https:\/\/interairportscorp.com\/en\/wp-json\/wp\/v2\/media?parent=2906"}],"curies":[{"name":"wp","href":"https:\/\/api.w.org\/{rel}","templated":true}]}}