{"id":2284,"date":"2024-06-07T17:53:19","date_gmt":"2024-06-07T17:53:19","guid":{"rendered":"https:\/\/nueva.interairportscorp.com\/?page_id=2284"},"modified":"2024-07-24T15:56:18","modified_gmt":"2024-07-24T15:56:18","slug":"aviones-de-carga","status":"publish","type":"page","link":"https:\/\/interairportscorp.com\/en\/aviones-de-carga\/","title":{"rendered":"Aviones de Carga"},"content":{"rendered":"\t\t<div data-elementor-type=\"wp-page\" data-elementor-id=\"2284\" class=\"elementor elementor-2284\" data-elementor-post-type=\"page\">\n\t\t\t\t\t\t<section class=\"elementor-section elementor-top-section elementor-element elementor-element-c29a3c5 elementor-section-boxed elementor-section-height-default elementor-section-height-default wpr-particle-no wpr-jarallax-no wpr-parallax-no wpr-sticky-section-no wpr-equal-height-no\" data-id=\"c29a3c5\" data-element_type=\"section\" data-e-type=\"section\" data-settings=\"{&quot;background_background&quot;:&quot;classic&quot;}\">\n\t\t\t\t\t\t\t<div class=\"elementor-background-overlay\"><\/div>\n\t\t\t\t\t\t\t<div class=\"elementor-container elementor-column-gap-default\">\n\t\t\t\t\t<div class=\"elementor-column elementor-col-100 elementor-top-column elementor-element elementor-element-c7f4bb6\" data-id=\"c7f4bb6\" data-element_type=\"column\" data-e-type=\"column\">\n\t\t\t<div class=\"elementor-widget-wrap elementor-element-populated\">\n\t\t\t\t\t\t<div class=\"elementor-element elementor-element-b1faa16 elementor-widget elementor-widget-heading\" data-id=\"b1faa16\" data-element_type=\"widget\" data-e-type=\"widget\" data-widget_type=\"heading.default\">\n\t\t\t\t<div class=\"elementor-widget-container\">\n\t\t\t\t\t<h2 class=\"elementor-heading-title elementor-size-default\">Aviones de Carga<\/h2>\t\t\t\t<\/div>\n\t\t\t\t<\/div>\n\t\t\t\t\t<\/div>\n\t\t<\/div>\n\t\t\t\t\t<\/div>\n\t\t<\/section>\n\t\t<div class=\"elementor-element elementor-element-b06bc5d e-flex e-con-boxed wpr-particle-no wpr-jarallax-no wpr-parallax-no wpr-sticky-section-no wpr-equal-height-no e-con e-parent\" data-id=\"b06bc5d\" data-element_type=\"container\" data-e-type=\"container\">\n\t\t\t\t\t<div class=\"e-con-inner\">\n\t\t\t\t<div class=\"elementor-element elementor-element-84e5597 elementor-widget elementor-widget-spacer\" data-id=\"84e5597\" data-element_type=\"widget\" data-e-type=\"widget\" data-widget_type=\"spacer.default\">\n\t\t\t\t<div class=\"elementor-widget-container\">\n\t\t\t\t\t\t\t<div class=\"elementor-spacer\">\n\t\t\t<div class=\"elementor-spacer-inner\"><\/div>\n\t\t<\/div>\n\t\t\t\t\t\t<\/div>\n\t\t\t\t<\/div>\n\t\t\t\t\t<\/div>\n\t\t\t\t<\/div>\n\t\t\t\t<section class=\"elementor-section elementor-top-section elementor-element elementor-element-577374840 elementor-section-boxed elementor-section-height-default elementor-section-height-default wpr-particle-no wpr-jarallax-no wpr-parallax-no wpr-sticky-section-no wpr-equal-height-no\" data-id=\"577374840\" data-element_type=\"section\" data-e-type=\"section\" data-settings=\"{&quot;background_background&quot;:&quot;classic&quot;}\">\n\t\t\t\t\t\t<div class=\"elementor-container elementor-column-gap-default\">\n\t\t\t\t\t<div class=\"elementor-column elementor-col-100 elementor-top-column elementor-element elementor-element-a5b34cf\" data-id=\"a5b34cf\" data-element_type=\"column\" data-e-type=\"column\">\n\t\t\t<div class=\"elementor-widget-wrap elementor-element-populated\">\n\t\t\t\t\t\t<div class=\"elementor-element elementor-element-72928aa0 wpr-grid-columns-3 wpr-grid-columns--laptop3 wpr-grid-columns--tablet2 wpr-grid-columns--mobile1 wpr-grid-pagination-center wpr-item-styles-inner elementor-widget elementor-widget-wpr-woo-grid\" data-id=\"72928aa0\" data-element_type=\"widget\" data-e-type=\"widget\" data-widget_type=\"wpr-woo-grid.default\">\n\t\t\t\t<div class=\"elementor-widget-container\">\n\t\t\t\t\t<ul class=\"wpr-grid-filters elementor-clearfix wpr-grid-filters-sep-right\"><li class=\" wpr-pointer-none wpr-pointer-line-fx wpr-pointer-fx-none\"><span data-filter=\"*\" class=\"wpr-active-filter \">All Products<\/span><em class=\"wpr-grid-filters-sep\"><\/em><\/li><ul data-parent=\".product_cat-aviones\" class=\"wpr-sub-filters\"><li data-role=\"back\" class=\" wpr-pointer-none wpr-pointer-line-fx wpr-pointer-fx-none\"><span class=\"wpr-back-filter\" data-ajax-filter=[\"product_cat\",\"aviones\"] data-filter=\".product_cat-aviones\"><i class=\"fas fa-long-arrow-alt-left\"><\/i>&nbsp;&nbsp;Back<\/span><\/li><li data-role=\"sub\" class=\" wpr-pointer-none wpr-pointer-line-fx wpr-pointer-fx-none\"><span  data-ajax-filter=[\"product_cat\",\"ejecutivos-aviones\"] data-filter=\".product_cat-ejecutivos-aviones\">Ejecutivos<\/span><em class=\"wpr-grid-filters-sep\"><\/em><\/li><li data-role=\"sub\" class=\" wpr-pointer-none wpr-pointer-line-fx wpr-pointer-fx-none\"><span  data-ajax-filter=[\"product_cat\",\"carga-aviones\"] data-filter=\".product_cat-carga-aviones\">Carga<\/span><em class=\"wpr-grid-filters-sep\"><\/em><\/li><li data-role=\"sub\" class=\" wpr-pointer-none wpr-pointer-line-fx wpr-pointer-fx-none\"><span  data-ajax-filter=[\"product_cat\",\"comercial-pasajeros\"] data-filter=\".product_cat-comercial-pasajeros\">Comercial Pasajeros<\/span><em class=\"wpr-grid-filters-sep\"><\/em><\/li><\/ul><\/ul><section class=\"wpr-grid elementor-clearfix\" data-settings=\"{&quot;layout&quot;:&quot;fitRows&quot;,&quot;stick_last_element_to_bottom&quot;:&quot;&quot;,&quot;columns_desktop&quot;:3,&quot;gutter_hr&quot;:20,&quot;gutter_hr_mobile&quot;:20,&quot;gutter_hr_mobile_extra&quot;:20,&quot;gutter_hr_tablet&quot;:20,&quot;gutter_hr_tablet_extra&quot;:20,&quot;gutter_hr_laptop&quot;:20,&quot;gutter_hr_widescreen&quot;:20,&quot;gutter_vr&quot;:30,&quot;gutter_vr_mobile&quot;:30,&quot;gutter_vr_mobile_extra&quot;:30,&quot;gutter_vr_tablet&quot;:30,&quot;gutter_vr_tablet_extra&quot;:30,&quot;gutter_vr_laptop&quot;:30,&quot;gutter_vr_widescreen&quot;:30,&quot;animation&quot;:&quot;default&quot;,&quot;animation_duration&quot;:0.299999999999999988897769753748434595763683319091796875,&quot;animation_delay&quot;:0.1000000000000000055511151231257827021181583404541015625,&quot;deeplinking&quot;:&quot;&quot;,&quot;filters_linkable&quot;:&quot;no&quot;,&quot;filters_default_filter&quot;:&quot;&quot;,&quot;filters_count&quot;:&quot;&quot;,&quot;filters_hide_empty&quot;:&quot;yes&quot;,&quot;filters_animation&quot;:&quot;default&quot;,&quot;filters_animation_duration&quot;:0.299999999999999988897769753748434595763683319091796875,&quot;filters_animation_delay&quot;:0.1000000000000000055511151231257827021181583404541015625,&quot;pagination_type&quot;:&quot;load-more&quot;,&quot;pagination_max_pages&quot;:1,&quot;query_posts_per_page&quot;:9,&quot;lightbox&quot;:{&quot;selector&quot;:&quot;.wpr-grid-image-wrap&quot;,&quot;iframeMaxWidth&quot;:&quot;60%&quot;,&quot;hash&quot;:false,&quot;autoplay&quot;:&quot;true&quot;,&quot;pause&quot;:5000,&quot;progressBar&quot;:&quot;true&quot;,&quot;counter&quot;:&quot;true&quot;,&quot;controls&quot;:&quot;true&quot;,&quot;getCaptionFromTitleOrAlt&quot;:&quot;true&quot;,&quot;thumbnail&quot;:&quot;&quot;,&quot;showThumbByDefault&quot;:&quot;&quot;,&quot;share&quot;:&quot;&quot;,&quot;zoom&quot;:&quot;true&quot;,&quot;fullScreen&quot;:&quot;true&quot;,&quot;download&quot;:&quot;true&quot;}}\" data-advanced-filters=\"no\" data-found-posts = 8><article class=\"wpr-grid-item elementor-clearfix post-3216 product type-product status-publish has-post-thumbnail product_cat-carga-aviones first instock shipping-taxable product-type-simple\"><div class=\"wpr-grid-item-inner\"><div class=\"wpr-grid-item-above-content elementor-clearfix\"><h2 class=\"wpr-grid-item-title elementor-repeater-item-1be3687 wpr-grid-item-display-inline wpr-grid-item-align-center wpr-pointer-none wpr-pointer-line-fx wpr-pointer-fx-fade\"><div class=\"inner-block\"><a target=\"_self\"   href=\"https:\/\/interairportscorp.com\/en\/product\/airbus-a320p2f-passenger-to-freighter\/\">Airbus A320P2F (Passenger to Freighter)<\/a><\/div><\/h2><\/div><div class=\"wpr-grid-media-wrap wpr-effect-size-medium \" data-overlay-link=\"yes\"><div class=\"wpr-grid-image-wrap\" data-src=\"https:\/\/i0.wp.com\/interairportscorp.com\/wp-content\/uploads\/2024\/07\/Sky-Vision-A320P2F-ST.jpg?fit=700%2C900&#038;ssl=1\"  data-img-on-hover=\"\" data-src-secondary=\"\"><img decoding=\"async\" loading=\"lazy\" src=\"https:\/\/i0.wp.com\/interairportscorp.com\/wp-content\/uploads\/2024\/07\/Sky-Vision-A320P2F-ST.jpg?fit=700%2C900&#038;ssl=1\" alt=\"Airbus A320P2F (Passenger to Freighter)\" class=\"wpr-anim-timing-ease-default\"><\/div><div class=\"wpr-grid-media-hover wpr-animation-wrap\"><div class=\"wpr-grid-media-hover-bg  wpr-overlay-fade-in wpr-anim-size-large wpr-anim-timing-ease-default wpr-anim-transparency\" data-url=\"https:\/\/interairportscorp.com\/en\/product\/airbus-a320p2f-passenger-to-freighter\/\"><\/div><\/div><\/div><div class=\"wpr-grid-item-below-content elementor-clearfix\"><div class=\"wpr-grid-item-excerpt elementor-repeater-item-d03d6c5 wpr-grid-item-display-block wpr-grid-item-align-center\"><div class=\"inner-block\"><p>El A320P2F es una versi\u00f3n convertida del Airbus A320, optimizada para transportar carga en lugar de pasajeros. Esta conversi\u00f3n permite utilizar la robustez estructural del&hellip;<\/p><\/div><\/div><\/div><\/div><\/article><article class=\"wpr-grid-item elementor-clearfix post-3223 product type-product status-publish has-post-thumbnail product_cat-carga-aviones  instock shipping-taxable product-type-simple\"><div class=\"wpr-grid-item-inner\"><div class=\"wpr-grid-item-above-content elementor-clearfix\"><h2 class=\"wpr-grid-item-title elementor-repeater-item-1be3687 wpr-grid-item-display-inline wpr-grid-item-align-center wpr-pointer-none wpr-pointer-line-fx wpr-pointer-fx-fade\"><div class=\"inner-block\"><a target=\"_self\"   href=\"https:\/\/interairportscorp.com\/en\/product\/airbus-a321f\/\">Airbus A321F<\/a><\/div><\/h2><\/div><div class=\"wpr-grid-media-wrap wpr-effect-size-medium \" data-overlay-link=\"yes\"><div class=\"wpr-grid-image-wrap\" data-src=\"https:\/\/i0.wp.com\/interairportscorp.com\/wp-content\/uploads\/2024\/07\/50955-photo-credit-st-engineering.webp?fit=700%2C900&#038;ssl=1\"  data-img-on-hover=\"\" data-src-secondary=\"\"><img decoding=\"async\" loading=\"lazy\" src=\"https:\/\/i0.wp.com\/interairportscorp.com\/wp-content\/uploads\/2024\/07\/50955-photo-credit-st-engineering.webp?fit=700%2C900&#038;ssl=1\" alt=\"Airbus A321F\" class=\"wpr-anim-timing-ease-default\"><\/div><div class=\"wpr-grid-media-hover wpr-animation-wrap\"><div class=\"wpr-grid-media-hover-bg  wpr-overlay-fade-in wpr-anim-size-large wpr-anim-timing-ease-default wpr-anim-transparency\" data-url=\"https:\/\/interairportscorp.com\/en\/product\/airbus-a321f\/\"><\/div><\/div><\/div><div class=\"wpr-grid-item-below-content elementor-clearfix\"><div class=\"wpr-grid-item-excerpt elementor-repeater-item-d03d6c5 wpr-grid-item-display-block wpr-grid-item-align-center\"><div class=\"inner-block\"><p>El Airbus A321F es una variante de carga del popular avi\u00f3n de pasajeros A321, desarrollado por Airbus. Esta versi\u00f3n est\u00e1 dise\u00f1ada para el transporte de&hellip;<\/p><\/div><\/div><\/div><\/div><\/article><article class=\"wpr-grid-item elementor-clearfix post-3232 product type-product status-publish has-post-thumbnail product_cat-carga-aviones  instock shipping-taxable product-type-simple\"><div class=\"wpr-grid-item-inner\"><div class=\"wpr-grid-item-above-content elementor-clearfix\"><h2 class=\"wpr-grid-item-title elementor-repeater-item-1be3687 wpr-grid-item-display-inline wpr-grid-item-align-center wpr-pointer-none wpr-pointer-line-fx wpr-pointer-fx-fade\"><div class=\"inner-block\"><a target=\"_self\"   href=\"https:\/\/interairportscorp.com\/en\/product\/airbus-a350f\/\">Airbus A350F<\/a><\/div><\/h2><\/div><div class=\"wpr-grid-media-wrap wpr-effect-size-medium \" data-overlay-link=\"yes\"><div class=\"wpr-grid-image-wrap\" data-src=\"https:\/\/i0.wp.com\/interairportscorp.com\/wp-content\/uploads\/2024\/07\/A350F-11.2.jpg?fit=687%2C883&#038;ssl=1\"  data-img-on-hover=\"\" data-src-secondary=\"\"><img decoding=\"async\" loading=\"lazy\" src=\"https:\/\/i0.wp.com\/interairportscorp.com\/wp-content\/uploads\/2024\/07\/A350F-11.2.jpg?fit=687%2C883&#038;ssl=1\" alt=\"Airbus A350F\" class=\"wpr-anim-timing-ease-default\"><\/div><div class=\"wpr-grid-media-hover wpr-animation-wrap\"><div class=\"wpr-grid-media-hover-bg  wpr-overlay-fade-in wpr-anim-size-large wpr-anim-timing-ease-default wpr-anim-transparency\" data-url=\"https:\/\/interairportscorp.com\/en\/product\/airbus-a350f\/\"><\/div><\/div><\/div><div class=\"wpr-grid-item-below-content elementor-clearfix\"><div class=\"wpr-grid-item-excerpt elementor-repeater-item-d03d6c5 wpr-grid-item-display-block wpr-grid-item-align-center\"><div class=\"inner-block\"><p>El Airbus A350F es una variante de carga basada en el exitoso avi\u00f3n de pasajeros Airbus A350 XWB (Extra Wide Body). Dise\u00f1ado para satisfacer las&hellip;<\/p><\/div><\/div><\/div><\/div><\/article><article class=\"wpr-grid-item elementor-clearfix post-3235 product type-product status-publish has-post-thumbnail product_cat-carga-aviones last instock shipping-taxable product-type-simple\"><div class=\"wpr-grid-item-inner\"><div class=\"wpr-grid-item-above-content elementor-clearfix\"><h2 class=\"wpr-grid-item-title elementor-repeater-item-1be3687 wpr-grid-item-display-inline wpr-grid-item-align-center wpr-pointer-none wpr-pointer-line-fx wpr-pointer-fx-fade\"><div class=\"inner-block\"><a target=\"_self\"   href=\"https:\/\/interairportscorp.com\/en\/product\/boeing-b767-300f\/\">Boeing B767-300F<\/a><\/div><\/h2><\/div><div class=\"wpr-grid-media-wrap wpr-effect-size-medium \" data-overlay-link=\"yes\"><div class=\"wpr-grid-image-wrap\" data-src=\"https:\/\/i0.wp.com\/interairportscorp.com\/wp-content\/uploads\/2024\/07\/49172533358_c4014943bc_o-1.jpg?fit=700%2C900&#038;ssl=1\"  data-img-on-hover=\"\" data-src-secondary=\"\"><img decoding=\"async\" loading=\"lazy\" src=\"https:\/\/i0.wp.com\/interairportscorp.com\/wp-content\/uploads\/2024\/07\/49172533358_c4014943bc_o-1.jpg?fit=700%2C900&#038;ssl=1\" alt=\"Boeing B767-300F\" class=\"wpr-anim-timing-ease-default\"><\/div><div class=\"wpr-grid-media-hover wpr-animation-wrap\"><div class=\"wpr-grid-media-hover-bg  wpr-overlay-fade-in wpr-anim-size-large wpr-anim-timing-ease-default wpr-anim-transparency\" data-url=\"https:\/\/interairportscorp.com\/en\/product\/boeing-b767-300f\/\"><\/div><\/div><\/div><div class=\"wpr-grid-item-below-content elementor-clearfix\"><div class=\"wpr-grid-item-excerpt elementor-repeater-item-d03d6c5 wpr-grid-item-display-block wpr-grid-item-align-center\"><div class=\"inner-block\"><p>El Boeing 767-300F es un avi\u00f3n de carga desarrollado por Boeing, basado en la popular plataforma del 767-300ER. Dise\u00f1ado espec\u00edficamente para el transporte de mercanc\u00edas,&hellip;<\/p><\/div><\/div><\/div><\/div><\/article><article class=\"wpr-grid-item elementor-clearfix post-3241 product type-product status-publish has-post-thumbnail product_cat-carga-aviones first instock shipping-taxable product-type-simple\"><div class=\"wpr-grid-item-inner\"><div class=\"wpr-grid-item-above-content elementor-clearfix\"><h2 class=\"wpr-grid-item-title elementor-repeater-item-1be3687 wpr-grid-item-display-inline wpr-grid-item-align-center wpr-pointer-none wpr-pointer-line-fx wpr-pointer-fx-fade\"><div class=\"inner-block\"><a target=\"_self\"   href=\"https:\/\/interairportscorp.com\/en\/product\/boeing-b767-300p2f\/\">Boeing B767-300P2F<\/a><\/div><\/h2><\/div><div class=\"wpr-grid-media-wrap wpr-effect-size-medium \" data-overlay-link=\"yes\"><div class=\"wpr-grid-image-wrap\" data-src=\"https:\/\/i0.wp.com\/interairportscorp.com\/wp-content\/uploads\/2024\/07\/MR-CARGO-2-Boeing.jpg?fit=448%2C576&#038;ssl=1\"  data-img-on-hover=\"\" data-src-secondary=\"\"><img decoding=\"async\" loading=\"lazy\" src=\"https:\/\/i0.wp.com\/interairportscorp.com\/wp-content\/uploads\/2024\/07\/MR-CARGO-2-Boeing.jpg?fit=448%2C576&#038;ssl=1\" alt=\"Boeing B767-300P2F\" class=\"wpr-anim-timing-ease-default\"><\/div><div class=\"wpr-grid-media-hover wpr-animation-wrap\"><div class=\"wpr-grid-media-hover-bg  wpr-overlay-fade-in wpr-anim-size-large wpr-anim-timing-ease-default wpr-anim-transparency\" data-url=\"https:\/\/interairportscorp.com\/en\/product\/boeing-b767-300p2f\/\"><\/div><\/div><\/div><div class=\"wpr-grid-item-below-content elementor-clearfix\"><div class=\"wpr-grid-item-excerpt elementor-repeater-item-d03d6c5 wpr-grid-item-display-block wpr-grid-item-align-center\"><div class=\"inner-block\"><p>El Boeing 767-300P2F (Passenger-to-Freighter) es una conversi\u00f3n de un avi\u00f3n de pasajeros 767-300ER a un avi\u00f3n de carga, una opci\u00f3n popular para las aerol\u00edneas y&hellip;<\/p><\/div><\/div><\/div><\/div><\/article><article class=\"wpr-grid-item elementor-clearfix post-3245 product type-product status-publish has-post-thumbnail product_cat-carga-aviones  instock shipping-taxable product-type-simple\"><div class=\"wpr-grid-item-inner\"><div class=\"wpr-grid-item-above-content elementor-clearfix\"><h2 class=\"wpr-grid-item-title elementor-repeater-item-1be3687 wpr-grid-item-display-inline wpr-grid-item-align-center wpr-pointer-none wpr-pointer-line-fx wpr-pointer-fx-fade\"><div class=\"inner-block\"><a target=\"_self\"   href=\"https:\/\/interairportscorp.com\/en\/product\/boeing-b767-800p2f\/\">Boeing B767-800P2F<\/a><\/div><\/h2><\/div><div class=\"wpr-grid-media-wrap wpr-effect-size-medium \" data-overlay-link=\"yes\"><div class=\"wpr-grid-image-wrap\" data-src=\"https:\/\/i0.wp.com\/interairportscorp.com\/wp-content\/uploads\/2024\/07\/AeroUnion-A330-300F-Photo-Avianca-Cargo.jpg?fit=700%2C900&#038;ssl=1\"  data-img-on-hover=\"\" data-src-secondary=\"\"><img decoding=\"async\" loading=\"lazy\" src=\"https:\/\/i0.wp.com\/interairportscorp.com\/wp-content\/uploads\/2024\/07\/AeroUnion-A330-300F-Photo-Avianca-Cargo.jpg?fit=700%2C900&#038;ssl=1\" alt=\"Boeing B767-800P2F\" class=\"wpr-anim-timing-ease-default\"><\/div><div class=\"wpr-grid-media-hover wpr-animation-wrap\"><div class=\"wpr-grid-media-hover-bg  wpr-overlay-fade-in wpr-anim-size-large wpr-anim-timing-ease-default wpr-anim-transparency\" data-url=\"https:\/\/interairportscorp.com\/en\/product\/boeing-b767-800p2f\/\"><\/div><\/div><\/div><div class=\"wpr-grid-item-below-content elementor-clearfix\"><div class=\"wpr-grid-item-excerpt elementor-repeater-item-d03d6c5 wpr-grid-item-display-block wpr-grid-item-align-center\"><div class=\"inner-block\"><p>El Boeing 767-800P2F (Passenger-to-Freighter) es una conversi\u00f3n hipot\u00e9tica basada en la serie 767, ya que no existe oficialmente un modelo 767-800. El programa de conversiones&hellip;<\/p><\/div><\/div><\/div><\/div><\/article><article class=\"wpr-grid-item elementor-clearfix post-3248 product type-product status-publish has-post-thumbnail product_cat-carga-aviones  instock shipping-taxable product-type-simple\"><div class=\"wpr-grid-item-inner\"><div class=\"wpr-grid-item-above-content elementor-clearfix\"><h2 class=\"wpr-grid-item-title elementor-repeater-item-1be3687 wpr-grid-item-display-inline wpr-grid-item-align-center wpr-pointer-none wpr-pointer-line-fx wpr-pointer-fx-fade\"><div class=\"inner-block\"><a target=\"_self\"   href=\"https:\/\/interairportscorp.com\/en\/product\/boeing-b777-8f\/\">Boeing B777-8F<\/a><\/div><\/h2><\/div><div class=\"wpr-grid-media-wrap wpr-effect-size-medium \" data-overlay-link=\"yes\"><div class=\"wpr-grid-image-wrap\" data-src=\"https:\/\/i0.wp.com\/interairportscorp.com\/wp-content\/uploads\/2024\/07\/Boeing777-8-Freighter-010222-1140x568-1.jpg?fit=442%2C568&#038;ssl=1\"  data-img-on-hover=\"\" data-src-secondary=\"\"><img decoding=\"async\" loading=\"lazy\" src=\"https:\/\/i0.wp.com\/interairportscorp.com\/wp-content\/uploads\/2024\/07\/Boeing777-8-Freighter-010222-1140x568-1.jpg?fit=442%2C568&#038;ssl=1\" alt=\"Boeing B777-8F\" class=\"wpr-anim-timing-ease-default\"><\/div><div class=\"wpr-grid-media-hover wpr-animation-wrap\"><div class=\"wpr-grid-media-hover-bg  wpr-overlay-fade-in wpr-anim-size-large wpr-anim-timing-ease-default wpr-anim-transparency\" data-url=\"https:\/\/interairportscorp.com\/en\/product\/boeing-b777-8f\/\"><\/div><\/div><\/div><div class=\"wpr-grid-item-below-content elementor-clearfix\"><div class=\"wpr-grid-item-excerpt elementor-repeater-item-d03d6c5 wpr-grid-item-display-block wpr-grid-item-align-center\"><div class=\"inner-block\"><p>El Boeing 777-8F es una versi\u00f3n de carga del avi\u00f3n de pasajeros Boeing 777-8, parte de la familia 777X. Dise\u00f1ado para ofrecer capacidades de carga&hellip;<\/p><\/div><\/div><\/div><\/div><\/article><article class=\"wpr-grid-item elementor-clearfix post-3252 product type-product status-publish has-post-thumbnail product_cat-carga-aviones last instock shipping-taxable product-type-simple\"><div class=\"wpr-grid-item-inner\"><div class=\"wpr-grid-item-above-content elementor-clearfix\"><h2 class=\"wpr-grid-item-title elementor-repeater-item-1be3687 wpr-grid-item-display-inline wpr-grid-item-align-center wpr-pointer-none wpr-pointer-line-fx wpr-pointer-fx-fade\"><div class=\"inner-block\"><a target=\"_self\"   href=\"https:\/\/interairportscorp.com\/en\/product\/boeing-b777f\/\">Boeing B777F<\/a><\/div><\/h2><\/div><div class=\"wpr-grid-media-wrap wpr-effect-size-medium \" data-overlay-link=\"yes\"><div class=\"wpr-grid-image-wrap\" data-src=\"https:\/\/i0.wp.com\/interairportscorp.com\/wp-content\/uploads\/2024\/07\/B777F-exterior.jpg?fit=350%2C450&#038;ssl=1\"  data-img-on-hover=\"\" data-src-secondary=\"\"><img decoding=\"async\" loading=\"lazy\" src=\"https:\/\/i0.wp.com\/interairportscorp.com\/wp-content\/uploads\/2024\/07\/B777F-exterior.jpg?fit=350%2C450&#038;ssl=1\" alt=\"Boeing B777F\" class=\"wpr-anim-timing-ease-default\"><\/div><div class=\"wpr-grid-media-hover wpr-animation-wrap\"><div class=\"wpr-grid-media-hover-bg  wpr-overlay-fade-in wpr-anim-size-large wpr-anim-timing-ease-default wpr-anim-transparency\" data-url=\"https:\/\/interairportscorp.com\/en\/product\/boeing-b777f\/\"><\/div><\/div><\/div><div class=\"wpr-grid-item-below-content elementor-clearfix\"><div class=\"wpr-grid-item-excerpt elementor-repeater-item-d03d6c5 wpr-grid-item-display-block wpr-grid-item-align-center\"><div class=\"inner-block\"><p>El Boeing 777F es una versi\u00f3n de carga del avi\u00f3n de pasajeros Boeing 777-200LR, conocido por su capacidad de carga, alcance y eficiencia operativa. Introducido&hellip;<\/p><\/div><\/div><\/div><\/div><\/article><\/section>\t\t\t\t<\/div>\n\t\t\t\t<\/div>\n\t\t\t\t\t<\/div>\n\t\t<\/div>\n\t\t\t\t\t<\/div>\n\t\t<\/section>\n\t\t\t\t<\/div>\n\t\t","protected":false},"excerpt":{"rendered":"<p>Aviones de Carga All Products &nbsp;&nbsp;Back Ejecutivos Carga Comercial Pasajeros Airbus A320P2F (Passenger to Freighter) El A320P2F es una versi\u00f3n convertida del Airbus A320, optimizada para transportar carga en lugar de pasajeros. Esta conversi\u00f3n permite utilizar la robustez estructural del&hellip;<\/p>","protected":false},"author":2,"featured_media":0,"parent":0,"menu_order":0,"comment_status":"closed","ping_status":"closed","template":"elementor_canvas","meta":{"nf_dc_page":"","_eb_attr":"","footnotes":""},"class_list":["post-2284","page","type-page","status-publish","hentry"],"jetpack_sharing_enabled":true,"_links":{"self":[{"href":"https:\/\/interairportscorp.com\/en\/wp-json\/wp\/v2\/pages\/2284","targetHints":{"allow":["GET"]}}],"collection":[{"href":"https:\/\/interairportscorp.com\/en\/wp-json\/wp\/v2\/pages"}],"about":[{"href":"https:\/\/interairportscorp.com\/en\/wp-json\/wp\/v2\/types\/page"}],"author":[{"embeddable":true,"href":"https:\/\/interairportscorp.com\/en\/wp-json\/wp\/v2\/users\/2"}],"replies":[{"embeddable":true,"href":"https:\/\/interairportscorp.com\/en\/wp-json\/wp\/v2\/comments?post=2284"}],"version-history":[{"count":10,"href":"https:\/\/interairportscorp.com\/en\/wp-json\/wp\/v2\/pages\/2284\/revisions"}],"predecessor-version":[{"id":3222,"href":"https:\/\/interairportscorp.com\/en\/wp-json\/wp\/v2\/pages\/2284\/revisions\/3222"}],"wp:attachment":[{"href":"https:\/\/interairportscorp.com\/en\/wp-json\/wp\/v2\/media?parent=2284"}],"curies":[{"name":"wp","href":"https:\/\/api.w.org\/{rel}","templated":true}]}}