{"id":2248,"date":"2024-05-31T17:50:23","date_gmt":"2024-05-31T17:50:23","guid":{"rendered":"https:\/\/nueva.interairportscorp.com\/?page_id=2248"},"modified":"2024-09-14T18:41:24","modified_gmt":"2024-09-14T18:41:24","slug":"aviones-ejecutivos","status":"publish","type":"page","link":"https:\/\/interairportscorp.com\/en\/aviones-ejecutivos\/","title":{"rendered":"Aviones Ejecutivos"},"content":{"rendered":"\t\t<div data-elementor-type=\"wp-page\" data-elementor-id=\"2248\" class=\"elementor elementor-2248\" data-elementor-post-type=\"page\">\n\t\t\t\t\t\t<section class=\"elementor-section elementor-top-section elementor-element elementor-element-c29a3c5 elementor-section-boxed elementor-section-height-default elementor-section-height-default wpr-particle-no wpr-jarallax-no wpr-parallax-no wpr-sticky-section-no wpr-equal-height-no\" data-id=\"c29a3c5\" data-element_type=\"section\" data-e-type=\"section\" data-settings=\"{&quot;background_background&quot;:&quot;classic&quot;}\">\n\t\t\t\t\t\t\t<div class=\"elementor-background-overlay\"><\/div>\n\t\t\t\t\t\t\t<div class=\"elementor-container elementor-column-gap-default\">\n\t\t\t\t\t<div class=\"elementor-column elementor-col-100 elementor-top-column elementor-element elementor-element-c7f4bb6\" data-id=\"c7f4bb6\" data-element_type=\"column\" data-e-type=\"column\">\n\t\t\t<div class=\"elementor-widget-wrap elementor-element-populated\">\n\t\t\t\t\t\t<div class=\"elementor-element elementor-element-b1faa16 elementor-widget elementor-widget-heading\" data-id=\"b1faa16\" data-element_type=\"widget\" data-e-type=\"widget\" data-widget_type=\"heading.default\">\n\t\t\t\t<div class=\"elementor-widget-container\">\n\t\t\t\t\t<h2 class=\"elementor-heading-title elementor-size-default\">Aviones Ejecutivos<\/h2>\t\t\t\t<\/div>\n\t\t\t\t<\/div>\n\t\t\t\t\t<\/div>\n\t\t<\/div>\n\t\t\t\t\t<\/div>\n\t\t<\/section>\n\t\t<div class=\"elementor-element elementor-element-b06bc5d e-flex e-con-boxed wpr-particle-no wpr-jarallax-no wpr-parallax-no wpr-sticky-section-no wpr-equal-height-no e-con e-parent\" data-id=\"b06bc5d\" data-element_type=\"container\" data-e-type=\"container\">\n\t\t\t\t\t<div class=\"e-con-inner\">\n\t\t\t\t<div class=\"elementor-element elementor-element-84e5597 elementor-widget elementor-widget-spacer\" data-id=\"84e5597\" data-element_type=\"widget\" data-e-type=\"widget\" data-widget_type=\"spacer.default\">\n\t\t\t\t<div class=\"elementor-widget-container\">\n\t\t\t\t\t\t\t<div class=\"elementor-spacer\">\n\t\t\t<div class=\"elementor-spacer-inner\"><\/div>\n\t\t<\/div>\n\t\t\t\t\t\t<\/div>\n\t\t\t\t<\/div>\n\t\t\t\t\t<\/div>\n\t\t\t\t<\/div>\n\t\t\t\t<section class=\"elementor-section elementor-top-section elementor-element elementor-element-577374840 elementor-section-boxed elementor-section-height-default elementor-section-height-default wpr-particle-no wpr-jarallax-no wpr-parallax-no wpr-sticky-section-no wpr-equal-height-no\" data-id=\"577374840\" data-element_type=\"section\" data-e-type=\"section\" data-settings=\"{&quot;background_background&quot;:&quot;classic&quot;}\">\n\t\t\t\t\t\t<div class=\"elementor-container elementor-column-gap-default\">\n\t\t\t\t\t<div class=\"elementor-column elementor-col-100 elementor-top-column elementor-element elementor-element-a5b34cf\" data-id=\"a5b34cf\" data-element_type=\"column\" data-e-type=\"column\">\n\t\t\t<div class=\"elementor-widget-wrap elementor-element-populated\">\n\t\t\t\t\t\t<div class=\"elementor-element elementor-element-72928aa0 wpr-grid-columns-3 wpr-grid-columns--laptop3 wpr-grid-columns--tablet2 wpr-grid-columns--mobile1 wpr-grid-pagination-center wpr-item-styles-inner elementor-widget elementor-widget-wpr-woo-grid\" data-id=\"72928aa0\" data-element_type=\"widget\" data-e-type=\"widget\" data-widget_type=\"wpr-woo-grid.default\">\n\t\t\t\t<div class=\"elementor-widget-container\">\n\t\t\t\t\t<ul class=\"wpr-grid-filters elementor-clearfix wpr-grid-filters-sep-right\"><li class=\" wpr-pointer-none wpr-pointer-line-fx wpr-pointer-fx-none\"><span data-filter=\"*\" class=\"wpr-active-filter \">All Products<\/span><em class=\"wpr-grid-filters-sep\"><\/em><\/li><ul data-parent=\".product_cat-aviones\" class=\"wpr-sub-filters\"><li data-role=\"back\" class=\" wpr-pointer-none wpr-pointer-line-fx wpr-pointer-fx-none\"><span class=\"wpr-back-filter\" data-ajax-filter=[\"product_cat\",\"aviones\"] data-filter=\".product_cat-aviones\"><i class=\"fas fa-long-arrow-alt-left\"><\/i>&nbsp;&nbsp;Back<\/span><\/li><li data-role=\"sub\" class=\" wpr-pointer-none wpr-pointer-line-fx wpr-pointer-fx-none\"><span  data-ajax-filter=[\"product_cat\",\"ejecutivos-aviones\"] data-filter=\".product_cat-ejecutivos-aviones\">Ejecutivos<\/span><em class=\"wpr-grid-filters-sep\"><\/em><\/li><li data-role=\"sub\" class=\" wpr-pointer-none wpr-pointer-line-fx wpr-pointer-fx-none\"><span  data-ajax-filter=[\"product_cat\",\"carga-aviones\"] data-filter=\".product_cat-carga-aviones\">Carga<\/span><em class=\"wpr-grid-filters-sep\"><\/em><\/li><li data-role=\"sub\" class=\" wpr-pointer-none wpr-pointer-line-fx wpr-pointer-fx-none\"><span  data-ajax-filter=[\"product_cat\",\"comercial-pasajeros\"] data-filter=\".product_cat-comercial-pasajeros\">Comercial Pasajeros<\/span><em class=\"wpr-grid-filters-sep\"><\/em><\/li><\/ul><\/ul><section class=\"wpr-grid elementor-clearfix\" data-settings=\"{&quot;layout&quot;:&quot;fitRows&quot;,&quot;stick_last_element_to_bottom&quot;:&quot;&quot;,&quot;columns_desktop&quot;:3,&quot;gutter_hr&quot;:20,&quot;gutter_hr_mobile&quot;:20,&quot;gutter_hr_mobile_extra&quot;:20,&quot;gutter_hr_tablet&quot;:20,&quot;gutter_hr_tablet_extra&quot;:20,&quot;gutter_hr_laptop&quot;:20,&quot;gutter_hr_widescreen&quot;:20,&quot;gutter_vr&quot;:30,&quot;gutter_vr_mobile&quot;:30,&quot;gutter_vr_mobile_extra&quot;:30,&quot;gutter_vr_tablet&quot;:30,&quot;gutter_vr_tablet_extra&quot;:30,&quot;gutter_vr_laptop&quot;:30,&quot;gutter_vr_widescreen&quot;:30,&quot;animation&quot;:&quot;default&quot;,&quot;animation_duration&quot;:0.299999999999999988897769753748434595763683319091796875,&quot;animation_delay&quot;:0.1000000000000000055511151231257827021181583404541015625,&quot;deeplinking&quot;:&quot;&quot;,&quot;filters_linkable&quot;:&quot;no&quot;,&quot;filters_default_filter&quot;:&quot;&quot;,&quot;filters_count&quot;:&quot;&quot;,&quot;filters_hide_empty&quot;:&quot;yes&quot;,&quot;filters_animation&quot;:&quot;default&quot;,&quot;filters_animation_duration&quot;:0.299999999999999988897769753748434595763683319091796875,&quot;filters_animation_delay&quot;:0.1000000000000000055511151231257827021181583404541015625,&quot;pagination_type&quot;:&quot;load-more&quot;,&quot;pagination_max_pages&quot;:1,&quot;query_posts_per_page&quot;:9,&quot;lightbox&quot;:{&quot;selector&quot;:&quot;.wpr-grid-image-wrap&quot;,&quot;iframeMaxWidth&quot;:&quot;60%&quot;,&quot;hash&quot;:false,&quot;autoplay&quot;:&quot;true&quot;,&quot;pause&quot;:5000,&quot;progressBar&quot;:&quot;true&quot;,&quot;counter&quot;:&quot;true&quot;,&quot;controls&quot;:&quot;true&quot;,&quot;getCaptionFromTitleOrAlt&quot;:&quot;true&quot;,&quot;thumbnail&quot;:&quot;&quot;,&quot;showThumbByDefault&quot;:&quot;&quot;,&quot;share&quot;:&quot;&quot;,&quot;zoom&quot;:&quot;true&quot;,&quot;fullScreen&quot;:&quot;true&quot;,&quot;download&quot;:&quot;true&quot;}}\" data-advanced-filters=\"no\" data-found-posts = 7><article class=\"wpr-grid-item elementor-clearfix post-3126 product type-product status-publish has-post-thumbnail product_cat-ejecutivos-aviones first instock shipping-taxable product-type-simple\"><div class=\"wpr-grid-item-inner\"><div class=\"wpr-grid-item-above-content elementor-clearfix\"><h2 class=\"wpr-grid-item-title elementor-repeater-item-1be3687 wpr-grid-item-display-inline wpr-grid-item-align-center wpr-pointer-none wpr-pointer-line-fx wpr-pointer-fx-fade\"><div class=\"inner-block\"><a target=\"_self\"   href=\"https:\/\/interairportscorp.com\/en\/product\/gulfstream-g800\/\">Gulfstream G800<\/a><\/div><\/h2><\/div><div class=\"wpr-grid-media-wrap wpr-effect-size-medium \" data-overlay-link=\"yes\"><div class=\"wpr-grid-image-wrap\" data-src=\"https:\/\/i0.wp.com\/interairportscorp.com\/wp-content\/uploads\/2024\/07\/v_g800_a_mkt_007_Desktop.jpg?fit=700%2C900&#038;ssl=1\"  data-img-on-hover=\"\" data-src-secondary=\"\"><img decoding=\"async\" loading=\"lazy\" src=\"https:\/\/i0.wp.com\/interairportscorp.com\/wp-content\/uploads\/2024\/07\/v_g800_a_mkt_007_Desktop.jpg?fit=700%2C900&#038;ssl=1\" alt=\"Gulfstream G800\" class=\"wpr-anim-timing-ease-default\"><\/div><div class=\"wpr-grid-media-hover wpr-animation-wrap\"><div class=\"wpr-grid-media-hover-bg  wpr-overlay-fade-in wpr-anim-size-large wpr-anim-timing-ease-default wpr-anim-transparency\" data-url=\"https:\/\/interairportscorp.com\/en\/product\/gulfstream-g800\/\"><\/div><\/div><\/div><div class=\"wpr-grid-item-below-content elementor-clearfix\"><div class=\"wpr-grid-item-excerpt elementor-repeater-item-d03d6c5 wpr-grid-item-display-block wpr-grid-item-align-center\"><div class=\"inner-block\"><p>El Gulfstream G800 es un avi\u00f3n de negocios de ultra largo alcance desarrollado por Gulfstream Aerospace. Es uno de los modelos m\u00e1s avanzados de la&hellip;<\/p><\/div><\/div><\/div><\/div><\/article><article class=\"wpr-grid-item elementor-clearfix post-3134 product type-product status-publish has-post-thumbnail product_cat-ejecutivos-aviones  instock shipping-taxable product-type-simple\"><div class=\"wpr-grid-item-inner\"><div class=\"wpr-grid-item-above-content elementor-clearfix\"><h2 class=\"wpr-grid-item-title elementor-repeater-item-1be3687 wpr-grid-item-display-inline wpr-grid-item-align-center wpr-pointer-none wpr-pointer-line-fx wpr-pointer-fx-fade\"><div class=\"inner-block\"><a target=\"_self\"   href=\"https:\/\/interairportscorp.com\/en\/product\/gulfstream-g700\/\">Gulfstream G700<\/a><\/div><\/h2><\/div><div class=\"wpr-grid-media-wrap wpr-effect-size-medium \" data-overlay-link=\"yes\"><div class=\"wpr-grid-image-wrap\" data-src=\"https:\/\/i0.wp.com\/interairportscorp.com\/wp-content\/uploads\/2024\/07\/d_g700_a_mkt_00041_v02_webPROD.jpg?fit=514%2C661&#038;ssl=1\"  data-img-on-hover=\"\" data-src-secondary=\"\"><img decoding=\"async\" loading=\"lazy\" src=\"https:\/\/i0.wp.com\/interairportscorp.com\/wp-content\/uploads\/2024\/07\/d_g700_a_mkt_00041_v02_webPROD.jpg?fit=514%2C661&#038;ssl=1\" alt=\"Gulfstream G700\" class=\"wpr-anim-timing-ease-default\"><\/div><div class=\"wpr-grid-media-hover wpr-animation-wrap\"><div class=\"wpr-grid-media-hover-bg  wpr-overlay-fade-in wpr-anim-size-large wpr-anim-timing-ease-default wpr-anim-transparency\" data-url=\"https:\/\/interairportscorp.com\/en\/product\/gulfstream-g700\/\"><\/div><\/div><\/div><div class=\"wpr-grid-item-below-content elementor-clearfix\"><div class=\"wpr-grid-item-excerpt elementor-repeater-item-d03d6c5 wpr-grid-item-display-block wpr-grid-item-align-center\"><div class=\"inner-block\"><p>El Gulfstream G700 es uno de los aviones de negocios m\u00e1s avanzados y lujosos desarrollados por Gulfstream Aerospace. Lanzado en 2019, este modelo est\u00e1 dise\u00f1ado&hellip;<\/p><\/div><\/div><\/div><\/div><\/article><article class=\"wpr-grid-item elementor-clearfix post-3141 product type-product status-publish has-post-thumbnail product_cat-ejecutivos-aviones  instock shipping-taxable product-type-simple\"><div class=\"wpr-grid-item-inner\"><div class=\"wpr-grid-item-above-content elementor-clearfix\"><h2 class=\"wpr-grid-item-title elementor-repeater-item-1be3687 wpr-grid-item-display-inline wpr-grid-item-align-center wpr-pointer-none wpr-pointer-line-fx wpr-pointer-fx-fade\"><div class=\"inner-block\"><a target=\"_self\"   href=\"https:\/\/interairportscorp.com\/en\/product\/gulfstream-g650_g650er\/\">Gulfstream G650_G650ER<\/a><\/div><\/h2><\/div><div class=\"wpr-grid-media-wrap wpr-effect-size-medium \" data-overlay-link=\"yes\"><div class=\"wpr-grid-image-wrap\" data-src=\"https:\/\/i0.wp.com\/interairportscorp.com\/wp-content\/uploads\/2024\/07\/d_g650ER_g_print_00078_web.jpg?fit=514%2C661&#038;ssl=1\"  data-img-on-hover=\"\" data-src-secondary=\"\"><img decoding=\"async\" loading=\"lazy\" src=\"https:\/\/i0.wp.com\/interairportscorp.com\/wp-content\/uploads\/2024\/07\/d_g650ER_g_print_00078_web.jpg?fit=514%2C661&#038;ssl=1\" alt=\"Gulfstream G650_G650ER\" class=\"wpr-anim-timing-ease-default\"><\/div><div class=\"wpr-grid-media-hover wpr-animation-wrap\"><div class=\"wpr-grid-media-hover-bg  wpr-overlay-fade-in wpr-anim-size-large wpr-anim-timing-ease-default wpr-anim-transparency\" data-url=\"https:\/\/interairportscorp.com\/en\/product\/gulfstream-g650_g650er\/\"><\/div><\/div><\/div><div class=\"wpr-grid-item-below-content elementor-clearfix\"><div class=\"wpr-grid-item-excerpt elementor-repeater-item-d03d6c5 wpr-grid-item-display-block wpr-grid-item-align-center\"><div class=\"inner-block\"><p>El Gulfstream G650 y su versi\u00f3n de mayor alcance, el G650ER, son aviones de negocios de ultra largo alcance fabricados por Gulfstream Aerospace. Estos modelos&hellip;<\/p><\/div><\/div><\/div><\/div><\/article><article class=\"wpr-grid-item elementor-clearfix post-3149 product type-product status-publish has-post-thumbnail product_cat-ejecutivos-aviones last instock shipping-taxable product-type-simple\"><div class=\"wpr-grid-item-inner\"><div class=\"wpr-grid-item-above-content elementor-clearfix\"><h2 class=\"wpr-grid-item-title elementor-repeater-item-1be3687 wpr-grid-item-display-inline wpr-grid-item-align-center wpr-pointer-none wpr-pointer-line-fx wpr-pointer-fx-fade\"><div class=\"inner-block\"><a target=\"_self\"   href=\"https:\/\/interairportscorp.com\/en\/product\/gulfstream-g600\/\">Gulfstream G600<\/a><\/div><\/h2><\/div><div class=\"wpr-grid-media-wrap wpr-effect-size-medium \" data-overlay-link=\"yes\"><div class=\"wpr-grid-image-wrap\" data-src=\"https:\/\/i0.wp.com\/interairportscorp.com\/wp-content\/uploads\/2024\/07\/d_g600_g_mkt_00004.jpg?fit=700%2C900&#038;ssl=1\"  data-img-on-hover=\"\" data-src-secondary=\"\"><img decoding=\"async\" loading=\"lazy\" src=\"https:\/\/i0.wp.com\/interairportscorp.com\/wp-content\/uploads\/2024\/07\/d_g600_g_mkt_00004.jpg?fit=700%2C900&#038;ssl=1\" alt=\"Gulfstream G600\" class=\"wpr-anim-timing-ease-default\"><\/div><div class=\"wpr-grid-media-hover wpr-animation-wrap\"><div class=\"wpr-grid-media-hover-bg  wpr-overlay-fade-in wpr-anim-size-large wpr-anim-timing-ease-default wpr-anim-transparency\" data-url=\"https:\/\/interairportscorp.com\/en\/product\/gulfstream-g600\/\"><\/div><\/div><\/div><div class=\"wpr-grid-item-below-content elementor-clearfix\"><div class=\"wpr-grid-item-excerpt elementor-repeater-item-d03d6c5 wpr-grid-item-display-block wpr-grid-item-align-center\"><div class=\"inner-block\"><p>El Gulfstream G600 es un avi\u00f3n de negocios de largo alcance dise\u00f1ado y fabricado por Gulfstream Aerospace. Presentado como una opci\u00f3n intermedia en la familia&hellip;<\/p><\/div><\/div><\/div><\/div><\/article><article class=\"wpr-grid-item elementor-clearfix post-3155 product type-product status-publish has-post-thumbnail product_cat-ejecutivos-aviones first instock shipping-taxable product-type-simple\"><div class=\"wpr-grid-item-inner\"><div class=\"wpr-grid-item-above-content elementor-clearfix\"><h2 class=\"wpr-grid-item-title elementor-repeater-item-1be3687 wpr-grid-item-display-inline wpr-grid-item-align-center wpr-pointer-none wpr-pointer-line-fx wpr-pointer-fx-fade\"><div class=\"inner-block\"><a target=\"_self\"   href=\"https:\/\/interairportscorp.com\/en\/product\/gulfstream-g500\/\">Gulfstream G500<\/a><\/div><\/h2><\/div><div class=\"wpr-grid-media-wrap wpr-effect-size-medium \" data-overlay-link=\"yes\"><div class=\"wpr-grid-image-wrap\" data-src=\"https:\/\/i0.wp.com\/interairportscorp.com\/wp-content\/uploads\/2024\/07\/d_g500_a_mkt_00320_v02r01_webD.jpg?fit=700%2C900&#038;ssl=1\"  data-img-on-hover=\"\" data-src-secondary=\"\"><img decoding=\"async\" loading=\"lazy\" src=\"https:\/\/i0.wp.com\/interairportscorp.com\/wp-content\/uploads\/2024\/07\/d_g500_a_mkt_00320_v02r01_webD.jpg?fit=700%2C900&#038;ssl=1\" alt=\"Gulfstream G500\" class=\"wpr-anim-timing-ease-default\"><\/div><div class=\"wpr-grid-media-hover wpr-animation-wrap\"><div class=\"wpr-grid-media-hover-bg  wpr-overlay-fade-in wpr-anim-size-large wpr-anim-timing-ease-default wpr-anim-transparency\" data-url=\"https:\/\/interairportscorp.com\/en\/product\/gulfstream-g500\/\"><\/div><\/div><\/div><div class=\"wpr-grid-item-below-content elementor-clearfix\"><div class=\"wpr-grid-item-excerpt elementor-repeater-item-d03d6c5 wpr-grid-item-display-block wpr-grid-item-align-center\"><div class=\"inner-block\"><p>El Gulfstream G500 es un avi\u00f3n de negocios de largo alcance fabricado por Gulfstream Aerospace. Introducido como parte de la nueva generaci\u00f3n de aviones de&hellip;<\/p><\/div><\/div><\/div><\/div><\/article><article class=\"wpr-grid-item elementor-clearfix post-3160 product type-product status-publish has-post-thumbnail product_cat-ejecutivos-aviones  instock shipping-taxable product-type-simple\"><div class=\"wpr-grid-item-inner\"><div class=\"wpr-grid-item-above-content elementor-clearfix\"><h2 class=\"wpr-grid-item-title elementor-repeater-item-1be3687 wpr-grid-item-display-inline wpr-grid-item-align-center wpr-pointer-none wpr-pointer-line-fx wpr-pointer-fx-fade\"><div class=\"inner-block\"><a target=\"_self\"   href=\"https:\/\/interairportscorp.com\/en\/product\/gulfstream-g400\/\">Gulfstream G400<\/a><\/div><\/h2><\/div><div class=\"wpr-grid-media-wrap wpr-effect-size-medium \" data-overlay-link=\"yes\"><div class=\"wpr-grid-image-wrap\" data-src=\"https:\/\/i0.wp.com\/interairportscorp.com\/wp-content\/uploads\/2024\/07\/v_g400_a_mkt_002.jpg?fit=700%2C900&#038;ssl=1\"  data-img-on-hover=\"\" data-src-secondary=\"\"><img decoding=\"async\" loading=\"lazy\" src=\"https:\/\/i0.wp.com\/interairportscorp.com\/wp-content\/uploads\/2024\/07\/v_g400_a_mkt_002.jpg?fit=700%2C900&#038;ssl=1\" alt=\"Gulfstream G400\" class=\"wpr-anim-timing-ease-default\"><\/div><div class=\"wpr-grid-media-hover wpr-animation-wrap\"><div class=\"wpr-grid-media-hover-bg  wpr-overlay-fade-in wpr-anim-size-large wpr-anim-timing-ease-default wpr-anim-transparency\" data-url=\"https:\/\/interairportscorp.com\/en\/product\/gulfstream-g400\/\"><\/div><\/div><\/div><div class=\"wpr-grid-item-below-content elementor-clearfix\"><div class=\"wpr-grid-item-excerpt elementor-repeater-item-d03d6c5 wpr-grid-item-display-block wpr-grid-item-align-center\"><div class=\"inner-block\"><p>El Gulfstream G400 es un avi\u00f3n de negocios de medio a largo alcance fabricado por Gulfstream Aerospace. Parte de la nueva l\u00ednea de aviones de&hellip;<\/p><\/div><\/div><\/div><\/div><\/article><article class=\"wpr-grid-item elementor-clearfix post-3168 product type-product status-publish has-post-thumbnail product_cat-ejecutivos-aviones  instock shipping-taxable product-type-simple\"><div class=\"wpr-grid-item-inner\"><div class=\"wpr-grid-item-above-content elementor-clearfix\"><h2 class=\"wpr-grid-item-title elementor-repeater-item-1be3687 wpr-grid-item-display-inline wpr-grid-item-align-center wpr-pointer-none wpr-pointer-line-fx wpr-pointer-fx-fade\"><div class=\"inner-block\"><a target=\"_self\"   href=\"https:\/\/interairportscorp.com\/en\/product\/gulfstream-g280\/\">Gulfstream G280<\/a><\/div><\/h2><\/div><div class=\"wpr-grid-media-wrap wpr-effect-size-medium \" data-overlay-link=\"yes\"><div class=\"wpr-grid-image-wrap\" data-src=\"https:\/\/i0.wp.com\/interairportscorp.com\/wp-content\/uploads\/2024\/07\/d_g280_a_mkt_00721_web.jpg?fit=700%2C900&#038;ssl=1\"  data-img-on-hover=\"\" data-src-secondary=\"\"><img decoding=\"async\" loading=\"lazy\" src=\"https:\/\/i0.wp.com\/interairportscorp.com\/wp-content\/uploads\/2024\/07\/d_g280_a_mkt_00721_web.jpg?fit=700%2C900&#038;ssl=1\" alt=\"Gulfstream G280\" class=\"wpr-anim-timing-ease-default\"><\/div><div class=\"wpr-grid-media-hover wpr-animation-wrap\"><div class=\"wpr-grid-media-hover-bg  wpr-overlay-fade-in wpr-anim-size-large wpr-anim-timing-ease-default wpr-anim-transparency\" data-url=\"https:\/\/interairportscorp.com\/en\/product\/gulfstream-g280\/\"><\/div><\/div><\/div><div class=\"wpr-grid-item-below-content elementor-clearfix\"><div class=\"wpr-grid-item-excerpt elementor-repeater-item-d03d6c5 wpr-grid-item-display-block wpr-grid-item-align-center\"><div class=\"inner-block\"><p>El Gulfstream G280 es un avi\u00f3n de negocios de tama\u00f1o supermediano fabricado por Gulfstream Aerospace en colaboraci\u00f3n con Israel Aerospace Industries (IAI). Introducido en 2012,&hellip;<\/p><\/div><\/div><\/div><\/div><\/article><\/section>\t\t\t\t<\/div>\n\t\t\t\t<\/div>\n\t\t\t\t\t<\/div>\n\t\t<\/div>\n\t\t\t\t\t<\/div>\n\t\t<\/section>\n\t\t\t\t<\/div>\n\t\t","protected":false},"excerpt":{"rendered":"<p>Aviones Ejecutivos All Products &nbsp;&nbsp;Back Ejecutivos Carga Comercial Pasajeros Gulfstream G800 El Gulfstream G800 es un avi\u00f3n de negocios de ultra largo alcance desarrollado por Gulfstream Aerospace. Es uno de los modelos m\u00e1s avanzados de la&hellip; Gulfstream G700 El Gulfstream G700 es uno de los aviones de negocios m\u00e1s avanzados y lujosos desarrollados por Gulfstream Aerospace. Lanzado en 2019, este modelo est\u00e1 dise\u00f1ado&hellip; Gulfstream G650_G650ER El Gulfstream G650 y su versi\u00f3n de mayor alcance, el G650ER, son aviones de negocios de ultra largo alcance fabricados por Gulfstream Aerospace. Estos modelos&hellip; Gulfstream G600 El Gulfstream G600 es un avi\u00f3n de negocios de largo alcance dise\u00f1ado y fabricado por Gulfstream Aerospace. Presentado como una opci\u00f3n intermedia en la familia&hellip; Gulfstream G500 El Gulfstream G500 es un avi\u00f3n de negocios de largo alcance fabricado por Gulfstream Aerospace. Introducido como parte de la nueva generaci\u00f3n de aviones de&hellip; Gulfstream G400 El Gulfstream G400 es un avi\u00f3n de negocios de medio a largo alcance fabricado por Gulfstream Aerospace. Parte de la nueva l\u00ednea de aviones de&hellip; Gulfstream G280 El Gulfstream G280 es un avi\u00f3n de negocios de tama\u00f1o supermediano fabricado por Gulfstream Aerospace en colaboraci\u00f3n con Israel Aerospace Industries (IAI). Introducido en 2012,&hellip;<\/p>","protected":false},"author":2,"featured_media":0,"parent":0,"menu_order":0,"comment_status":"closed","ping_status":"closed","template":"elementor_canvas","meta":{"nf_dc_page":"","_eb_attr":"","footnotes":""},"class_list":["post-2248","page","type-page","status-publish","hentry"],"jetpack_sharing_enabled":true,"_links":{"self":[{"href":"https:\/\/interairportscorp.com\/en\/wp-json\/wp\/v2\/pages\/2248","targetHints":{"allow":["GET"]}}],"collection":[{"href":"https:\/\/interairportscorp.com\/en\/wp-json\/wp\/v2\/pages"}],"about":[{"href":"https:\/\/interairportscorp.com\/en\/wp-json\/wp\/v2\/types\/page"}],"author":[{"embeddable":true,"href":"https:\/\/interairportscorp.com\/en\/wp-json\/wp\/v2\/users\/2"}],"replies":[{"embeddable":true,"href":"https:\/\/interairportscorp.com\/en\/wp-json\/wp\/v2\/comments?post=2248"}],"version-history":[{"count":16,"href":"https:\/\/interairportscorp.com\/en\/wp-json\/wp\/v2\/pages\/2248\/revisions"}],"predecessor-version":[{"id":3438,"href":"https:\/\/interairportscorp.com\/en\/wp-json\/wp\/v2\/pages\/2248\/revisions\/3438"}],"wp:attachment":[{"href":"https:\/\/interairportscorp.com\/en\/wp-json\/wp\/v2\/media?parent=2248"}],"curies":[{"name":"wp","href":"https:\/\/api.w.org\/{rel}","templated":true}]}}